{"id":2076,"date":"2015-02-03T20:14:10","date_gmt":"2015-02-03T20:14:10","guid":{"rendered":"https:\/\/www.hotelenrosadira.com\/cs\/benvenuti-2\/"},"modified":"2020-06-19T13:04:51","modified_gmt":"2020-06-19T11:04:51","slug":"vitejte","status":"publish","type":"page","link":"https:\/\/www.hotelenrosadira.com\/cs\/vitejte\/","title":{"rendered":"V\u00cdTEJTE"},"content":{"rendered":"<p><div class=\"fusion-fullwidth fullwidth-box fusion-builder-row-1 nonhundred-percent-fullwidth non-hundred-percent-height-scrolling fusion-equal-height-columns\" style=\"--awb-background-position:left top;--awb-border-radius-top-left:0px;--awb-border-radius-top-right:0px;--awb-border-radius-bottom-right:0px;--awb-border-radius-bottom-left:0px;--awb-padding-top:0px;--awb-padding-bottom:70px;--awb-border-sizes-top:0px;--awb-border-sizes-bottom:0px;--awb-flex-wrap:wrap;\" ><div class=\"fusion-builder-row fusion-row\"><div class=\"fusion-layout-column fusion_builder_column fusion-builder-column-0 fusion_builder_column_1_3 1_3 fusion-one-third fusion-column-first\" style=\"--awb-bg-position:right bottom;--awb-bg-size:cover;\"><div class=\"fusion-column-wrapper fusion-flex-column-wrapper-legacy\"><div class=\"fusion-text fusion-text-1\"><p style=\"letter-spacing: 4px; font-size: 13px; margin-bottom: 0px;\">HOTEL ENROSADIRA<\/p>\n<h1>V\u00cdTEJTE<\/h1>\n<\/div><div class=\"fusion-sep-clear\"><\/div><div class=\"fusion-separator fusion-clearfix\" style=\"float:left;margin-top:0px;margin-bottom:20px;width:100%;max-width:50px;\"><div class=\"fusion-separator-border sep-single sep-solid\" style=\"--awb-height:20px;--awb-amount:20px;--awb-sep-color:#cbaa5c;border-color:#cbaa5c;border-top-width:1px;\"><\/div><\/div><div class=\"fusion-sep-clear\"><\/div><div class=\"fusion-text fusion-text-2\"><p>Bratranci Stefano a Marie Tereza Rizzi jsou d\u011bdicov\u00e9 a pokra\u010dovatel\u00e9 v\u00edce ne\u017e \u010dty\u0159icetilet\u00e9 rodinn\u00e9 tradice.\u00a0Dobr\u00e9 pohostinstv\u00ed pro n\u011b znamen\u00e1 n\u011bco, co se buduje dlouho s trp\u011blivost\u00ed, srdcem\u00a0a l\u00e1skou k pr\u00e1ci kterou d\u011blaj\u00ed.<\/p>\n<p>Jejich posl\u00e1n\u00edm je, aby se host\u00e9 c\u00edtili dob\u0159e.<\/p>\n<p>A proto \u2026.. My V\u00e1s budeme h\u00fd\u010dkat. Vy si u\u017e\u00edvejte!<\/p>\n<p><strong>Enrosadira<\/strong>\u00a0je n\u00e1zev ve\u010dern\u00edch \u010derv\u00e1nk\u016f &#8211; strhuj\u00edc\u00ed a nezapomenuteln\u00e1 pod\u00edvan\u00e1 kdy p\u0159i z\u00e1padu slunce skaln\u00ed st\u011bny, hroty a v\u011b\u017ee zaplanou a zbarv\u00ed se do r\u016f\u017eova,\u00a0\u00a0\u010dervena a oran\u017eova\u2026<\/p>\n<p>Oran\u017eov\u00e1 barva je symbolem ohn\u011b\u2026.<br \/>\nSpojen\u00ed \u010derven\u00e9 barvy se \u017elutou je spojen\u00ed s\u00edly a v\u00e1\u0161n\u011b s radost\u00ed a \u0161t\u011bst\u00edm.<\/p>\n<p>Na\u0161im klient\u016fm p\u0159ejeme, aby jim tento plamen v\u00e1\u0161n\u011b, s\u00edly a radosti ze \u017eivota NIKDY NEVYHO\u0158EL<\/p>\n<\/div><div class=\"fusion-sep-clear\"><\/div><div class=\"fusion-separator fusion-full-width-sep\" style=\"margin-left: auto;margin-right: auto;margin-top:15px;width:100%;\"><\/div><div class=\"fusion-sep-clear\"><\/div><div class=\"fusion-clearfix\"><\/div><\/div><\/div><div class=\"fusion-layout-column fusion_builder_column fusion-builder-column-1 fusion_builder_column_2_3 2_3 fusion-two-third fusion-column-last\" style=\"--awb-padding-top:40px;--awb-padding-right:40px;--awb-padding-bottom:40px;--awb-padding-left:40px;--awb-bg-color:#ffffff;--awb-bg-color-hover:#ffffff;--awb-bg-image:url(&#039;https:\/\/www.hotelenrosadira.com\/wp-content\/uploads\/2015\/02\/feat_room_bg1-1.jpg&#039;);--awb-bg-position:right center;--awb-bg-size:cover;--awb-border-color:#ebeef1;--awb-border-top:1px;--awb-border-right:1px;--awb-border-bottom:1px;--awb-border-left:1px;--awb-border-style:solid;\"><div class=\"fusion-column-wrapper fusion-flex-column-wrapper-legacy fusion-column-has-bg-image\" data-bg-url=\"https:\/\/www.hotelenrosadira.com\/wp-content\/uploads\/2015\/02\/feat_room_bg1-1.jpg\"><div class=\"fusion-image-element fusion-image-align-center in-legacy-container\" style=\"text-align:center;--awb-liftup-border-radius:0px;--awb-caption-title-font-family:var(--h2_typography-font-family);--awb-caption-title-font-weight:var(--h2_typography-font-weight);--awb-caption-title-font-style:var(--h2_typography-font-style);--awb-caption-title-size:var(--h2_typography-font-size);--awb-caption-title-transform:var(--h2_typography-text-transform);--awb-caption-title-line-height:var(--h2_typography-line-height);--awb-caption-title-letter-spacing:var(--h2_typography-letter-spacing);\"><div class=\"imageframe-align-center\"><div class=\"awb-image-frame awb-image-frame-1 imageframe-liftup\"><span class=\" fusion-imageframe imageframe-dropshadow imageframe-1\" style=\"border:13px solid #ffffff;-webkit-box-shadow: 3px 3px 7px rgba(0,0,0,0.3);box-shadow: 3px 3px 7px rgba(0,0,0,0.3);\"><img decoding=\"async\" width=\"1280\" height=\"842\" title=\"facciataestate\" src=\"https:\/\/www.hotelenrosadira.com\/wp-content\/uploads\/2015\/04\/facciataestate.jpg\" alt class=\"img-responsive wp-image-3906\" srcset=\"https:\/\/www.hotelenrosadira.com\/wp-content\/uploads\/2015\/04\/facciataestate-300x197.jpg 300w, https:\/\/www.hotelenrosadira.com\/wp-content\/uploads\/2015\/04\/facciataestate-768x505.jpg 768w, https:\/\/www.hotelenrosadira.com\/wp-content\/uploads\/2015\/04\/facciataestate-1024x674.jpg 1024w, https:\/\/www.hotelenrosadira.com\/wp-content\/uploads\/2015\/04\/facciataestate.jpg 1280w\" sizes=\"(max-width: 1280px) 100vw, 1280px\" \/><\/span><\/div><\/div><\/div><div class=\"fusion-clearfix\"><\/div><\/div><\/div><\/div><\/div><div class=\"fusion-fullwidth fullwidth-box fusion-builder-row-2 nonhundred-percent-fullwidth non-hundred-percent-height-scrolling\" style=\"--awb-background-position:left top;--awb-border-radius-top-left:0px;--awb-border-radius-top-right:0px;--awb-border-radius-bottom-right:0px;--awb-border-radius-bottom-left:0px;--awb-padding-top:0px;--awb-padding-bottom:5px;--awb-border-sizes-top:0px;--awb-border-sizes-bottom:0px;--awb-flex-wrap:wrap;\" ><div class=\"fusion-builder-row fusion-row\"><div class=\"fusion-layout-column fusion_builder_column fusion-builder-column-2 fusion_builder_column_1_1 1_1 fusion-one-full fusion-column-first fusion-column-last fusion-column-no-min-height\" style=\"--awb-bg-size:cover;--awb-margin-bottom:0px;\"><div class=\"fusion-column-wrapper fusion-flex-column-wrapper-legacy\"><div class=\"fusion-reading-box-container reading-box-container-1\" style=\"--awb-title-color:#212934;--awb-margin-top:0px;--awb-margin-bottom:20px;\"><div class=\"reading-box reading-box-center\" style=\"background-color:#ffffff;border-width:1px;border-color:#ebeef1;border-top-width:3px;border-top-color:var(--primary_color);border-style:solid;\"><h2><strong><em>Momenti<\/em><\/strong> &amp; <strong><em>Ricordi<\/em><\/strong> indimenticabili<br \/>\n<\/h2><div class=\"reading-box-description fusion-reading-box-additional\">Rilassarsi e vivere la natura.<\/div><div class=\"fusion-clearfix\"><\/div><a class=\"button fusion-button button-default fusion-button-large button-large button-flat fusion-mobile-button continue-center\" style=\"-webkit-box-shadow:none;-moz-box-shadow:none;box-shadow:none;border-radius:0px 0px 0px 0px\" href=\"\/contatti\/\" target=\"_self\"><span>PRENOTA<\/span><\/a><\/div><\/div><div class=\"fusion-clearfix\"><\/div><\/div><\/div><\/div><\/div><\/p>\n","protected":false},"excerpt":{"rendered":"","protected":false},"author":1,"featured_media":0,"parent":0,"menu_order":0,"comment_status":"open","ping_status":"open","template":"100-width.php","meta":{"footnotes":""},"class_list":["post-2076","page","type-page","status-publish","hentry"],"yoast_head":"<!-- This site is optimized with the Yoast SEO plugin v27.5 - https:\/\/yoast.com\/product\/yoast-seo-wordpress\/ -->\n<title>V\u00cdTEJTE - Sport hotel Enrosadira<\/title>\n<meta name=\"robots\" content=\"index, follow, max-snippet:-1, max-image-preview:large, max-video-preview:-1\" \/>\n<link rel=\"canonical\" href=\"https:\/\/www.hotelenrosadira.com\/cs\/vitejte\/\" \/>\n<meta property=\"og:locale\" content=\"cs_CZ\" \/>\n<meta property=\"og:type\" content=\"article\" \/>\n<meta property=\"og:title\" content=\"V\u00cdTEJTE - Sport hotel Enrosadira\" \/>\n<meta property=\"og:url\" content=\"https:\/\/www.hotelenrosadira.com\/cs\/vitejte\/\" \/>\n<meta property=\"og:site_name\" content=\"Sport hotel Enrosadira\" \/>\n<meta property=\"article:modified_time\" content=\"2020-06-19T11:04:51+00:00\" \/>\n<meta property=\"og:image\" content=\"https:\/\/www.hotelenrosadira.com\/wp-content\/uploads\/2015\/04\/facciataestate.jpg\" \/>\n<meta name=\"twitter:card\" content=\"summary_large_image\" \/>\n<meta name=\"twitter:label1\" content=\"Odhadovan\u00e1 doba \u010dten\u00ed\" \/>\n\t<meta name=\"twitter:data1\" content=\"3 minuty\" \/>\n<script type=\"application\/ld+json\" class=\"yoast-schema-graph\">{\"@context\":\"https:\\\/\\\/schema.org\",\"@graph\":[{\"@type\":\"WebPage\",\"@id\":\"https:\\\/\\\/www.hotelenrosadira.com\\\/cs\\\/vitejte\\\/\",\"url\":\"https:\\\/\\\/www.hotelenrosadira.com\\\/cs\\\/vitejte\\\/\",\"name\":\"V\u00cdTEJTE - Sport hotel Enrosadira\",\"isPartOf\":{\"@id\":\"https:\\\/\\\/www.hotelenrosadira.com\\\/de\\\/#website\"},\"primaryImageOfPage\":{\"@id\":\"https:\\\/\\\/www.hotelenrosadira.com\\\/cs\\\/vitejte\\\/#primaryimage\"},\"image\":{\"@id\":\"https:\\\/\\\/www.hotelenrosadira.com\\\/cs\\\/vitejte\\\/#primaryimage\"},\"thumbnailUrl\":\"https:\\\/\\\/www.hotelenrosadira.com\\\/wp-content\\\/uploads\\\/2015\\\/04\\\/facciataestate.jpg\",\"datePublished\":\"2015-02-03T20:14:10+00:00\",\"dateModified\":\"2020-06-19T11:04:51+00:00\",\"breadcrumb\":{\"@id\":\"https:\\\/\\\/www.hotelenrosadira.com\\\/cs\\\/vitejte\\\/#breadcrumb\"},\"inLanguage\":\"cs\",\"potentialAction\":[{\"@type\":\"ReadAction\",\"target\":[\"https:\\\/\\\/www.hotelenrosadira.com\\\/cs\\\/vitejte\\\/\"]}]},{\"@type\":\"ImageObject\",\"inLanguage\":\"cs\",\"@id\":\"https:\\\/\\\/www.hotelenrosadira.com\\\/cs\\\/vitejte\\\/#primaryimage\",\"url\":\"https:\\\/\\\/www.hotelenrosadira.com\\\/wp-content\\\/uploads\\\/2015\\\/04\\\/facciataestate.jpg\",\"contentUrl\":\"https:\\\/\\\/www.hotelenrosadira.com\\\/wp-content\\\/uploads\\\/2015\\\/04\\\/facciataestate.jpg\"},{\"@type\":\"BreadcrumbList\",\"@id\":\"https:\\\/\\\/www.hotelenrosadira.com\\\/cs\\\/vitejte\\\/#breadcrumb\",\"itemListElement\":[{\"@type\":\"ListItem\",\"position\":1,\"name\":\"Home\",\"item\":\"https:\\\/\\\/www.hotelenrosadira.com\\\/cs\\\/home\\\/\"},{\"@type\":\"ListItem\",\"position\":2,\"name\":\"V\u00cdTEJTE\"}]},{\"@type\":\"WebSite\",\"@id\":\"https:\\\/\\\/www.hotelenrosadira.com\\\/de\\\/#website\",\"url\":\"https:\\\/\\\/www.hotelenrosadira.com\\\/de\\\/\",\"name\":\"Sport hotel Enrosadira\",\"description\":\"Sport hotel Enrosadira\",\"publisher\":{\"@id\":\"https:\\\/\\\/www.hotelenrosadira.com\\\/de\\\/#organization\"},\"potentialAction\":[{\"@type\":\"SearchAction\",\"target\":{\"@type\":\"EntryPoint\",\"urlTemplate\":\"https:\\\/\\\/www.hotelenrosadira.com\\\/de\\\/?s={search_term_string}\"},\"query-input\":{\"@type\":\"PropertyValueSpecification\",\"valueRequired\":true,\"valueName\":\"search_term_string\"}}],\"inLanguage\":\"cs\"},{\"@type\":\"Organization\",\"@id\":\"https:\\\/\\\/www.hotelenrosadira.com\\\/de\\\/#organization\",\"name\":\"Spoer Hotel Enrosadira\",\"url\":\"https:\\\/\\\/www.hotelenrosadira.com\\\/de\\\/\",\"logo\":{\"@type\":\"ImageObject\",\"inLanguage\":\"cs\",\"@id\":\"https:\\\/\\\/www.hotelenrosadira.com\\\/de\\\/#\\\/schema\\\/logo\\\/image\\\/\",\"url\":\"https:\\\/\\\/www.hotelenrosadira.com\\\/wp-content\\\/uploads\\\/2016\\\/02\\\/logo.jpg\",\"contentUrl\":\"https:\\\/\\\/www.hotelenrosadira.com\\\/wp-content\\\/uploads\\\/2016\\\/02\\\/logo.jpg\",\"width\":271,\"height\":71,\"caption\":\"Spoer Hotel Enrosadira\"},\"image\":{\"@id\":\"https:\\\/\\\/www.hotelenrosadira.com\\\/de\\\/#\\\/schema\\\/logo\\\/image\\\/\"}}]}<\/script>\n<!-- \/ Yoast SEO plugin. -->","yoast_head_json":{"title":"V\u00cdTEJTE - Sport hotel Enrosadira","robots":{"index":"index","follow":"follow","max-snippet":"max-snippet:-1","max-image-preview":"max-image-preview:large","max-video-preview":"max-video-preview:-1"},"canonical":"https:\/\/www.hotelenrosadira.com\/cs\/vitejte\/","og_locale":"cs_CZ","og_type":"article","og_title":"V\u00cdTEJTE - Sport hotel Enrosadira","og_url":"https:\/\/www.hotelenrosadira.com\/cs\/vitejte\/","og_site_name":"Sport hotel Enrosadira","article_modified_time":"2020-06-19T11:04:51+00:00","og_image":[{"url":"https:\/\/www.hotelenrosadira.com\/wp-content\/uploads\/2015\/04\/facciataestate.jpg","type":"","width":"","height":""}],"twitter_card":"summary_large_image","twitter_misc":{"Odhadovan\u00e1 doba \u010dten\u00ed":"3 minuty"},"schema":{"@context":"https:\/\/schema.org","@graph":[{"@type":"WebPage","@id":"https:\/\/www.hotelenrosadira.com\/cs\/vitejte\/","url":"https:\/\/www.hotelenrosadira.com\/cs\/vitejte\/","name":"V\u00cdTEJTE - Sport hotel Enrosadira","isPartOf":{"@id":"https:\/\/www.hotelenrosadira.com\/de\/#website"},"primaryImageOfPage":{"@id":"https:\/\/www.hotelenrosadira.com\/cs\/vitejte\/#primaryimage"},"image":{"@id":"https:\/\/www.hotelenrosadira.com\/cs\/vitejte\/#primaryimage"},"thumbnailUrl":"https:\/\/www.hotelenrosadira.com\/wp-content\/uploads\/2015\/04\/facciataestate.jpg","datePublished":"2015-02-03T20:14:10+00:00","dateModified":"2020-06-19T11:04:51+00:00","breadcrumb":{"@id":"https:\/\/www.hotelenrosadira.com\/cs\/vitejte\/#breadcrumb"},"inLanguage":"cs","potentialAction":[{"@type":"ReadAction","target":["https:\/\/www.hotelenrosadira.com\/cs\/vitejte\/"]}]},{"@type":"ImageObject","inLanguage":"cs","@id":"https:\/\/www.hotelenrosadira.com\/cs\/vitejte\/#primaryimage","url":"https:\/\/www.hotelenrosadira.com\/wp-content\/uploads\/2015\/04\/facciataestate.jpg","contentUrl":"https:\/\/www.hotelenrosadira.com\/wp-content\/uploads\/2015\/04\/facciataestate.jpg"},{"@type":"BreadcrumbList","@id":"https:\/\/www.hotelenrosadira.com\/cs\/vitejte\/#breadcrumb","itemListElement":[{"@type":"ListItem","position":1,"name":"Home","item":"https:\/\/www.hotelenrosadira.com\/cs\/home\/"},{"@type":"ListItem","position":2,"name":"V\u00cdTEJTE"}]},{"@type":"WebSite","@id":"https:\/\/www.hotelenrosadira.com\/de\/#website","url":"https:\/\/www.hotelenrosadira.com\/de\/","name":"Sport hotel Enrosadira","description":"Sport hotel Enrosadira","publisher":{"@id":"https:\/\/www.hotelenrosadira.com\/de\/#organization"},"potentialAction":[{"@type":"SearchAction","target":{"@type":"EntryPoint","urlTemplate":"https:\/\/www.hotelenrosadira.com\/de\/?s={search_term_string}"},"query-input":{"@type":"PropertyValueSpecification","valueRequired":true,"valueName":"search_term_string"}}],"inLanguage":"cs"},{"@type":"Organization","@id":"https:\/\/www.hotelenrosadira.com\/de\/#organization","name":"Spoer Hotel Enrosadira","url":"https:\/\/www.hotelenrosadira.com\/de\/","logo":{"@type":"ImageObject","inLanguage":"cs","@id":"https:\/\/www.hotelenrosadira.com\/de\/#\/schema\/logo\/image\/","url":"https:\/\/www.hotelenrosadira.com\/wp-content\/uploads\/2016\/02\/logo.jpg","contentUrl":"https:\/\/www.hotelenrosadira.com\/wp-content\/uploads\/2016\/02\/logo.jpg","width":271,"height":71,"caption":"Spoer Hotel Enrosadira"},"image":{"@id":"https:\/\/www.hotelenrosadira.com\/de\/#\/schema\/logo\/image\/"}}]}},"_links":{"self":[{"href":"https:\/\/www.hotelenrosadira.com\/cs\/wp-json\/wp\/v2\/pages\/2076","targetHints":{"allow":["GET"]}}],"collection":[{"href":"https:\/\/www.hotelenrosadira.com\/cs\/wp-json\/wp\/v2\/pages"}],"about":[{"href":"https:\/\/www.hotelenrosadira.com\/cs\/wp-json\/wp\/v2\/types\/page"}],"author":[{"embeddable":true,"href":"https:\/\/www.hotelenrosadira.com\/cs\/wp-json\/wp\/v2\/users\/1"}],"replies":[{"embeddable":true,"href":"https:\/\/www.hotelenrosadira.com\/cs\/wp-json\/wp\/v2\/comments?post=2076"}],"version-history":[{"count":0,"href":"https:\/\/www.hotelenrosadira.com\/cs\/wp-json\/wp\/v2\/pages\/2076\/revisions"}],"wp:attachment":[{"href":"https:\/\/www.hotelenrosadira.com\/cs\/wp-json\/wp\/v2\/media?parent=2076"}],"curies":[{"name":"wp","href":"https:\/\/api.w.org\/{rel}","templated":true}]}}