{"id":2079,"date":"2015-07-02T07:06:23","date_gmt":"2015-07-02T07:06:23","guid":{"rendered":"https:\/\/www.hotelenrosadira.com\/cs\/vitejte\/storia\/"},"modified":"2020-06-19T13:04:46","modified_gmt":"2020-06-19T11:04:46","slug":"rodina-rizzi","status":"publish","type":"page","link":"https:\/\/www.hotelenrosadira.com\/cs\/vitejte\/rodina-rizzi\/","title":{"rendered":"RODINA RIZZI"},"content":{"rendered":"<p><div class=\"fusion-fullwidth fullwidth-box fusion-builder-row-1 nonhundred-percent-fullwidth non-hundred-percent-height-scrolling\" style=\"--awb-background-position:left top;--awb-border-radius-top-left:0px;--awb-border-radius-top-right:0px;--awb-border-radius-bottom-right:0px;--awb-border-radius-bottom-left:0px;--awb-padding-top:0px;--awb-padding-bottom:95px;--awb-border-sizes-top:0px;--awb-border-sizes-bottom:0px;--awb-flex-wrap:wrap;\" ><div class=\"fusion-builder-row fusion-row\"><div class=\"fusion-layout-column fusion_builder_column fusion-builder-column-0 fusion_builder_column_1_1 1_1 fusion-one-full fusion-column-first fusion-column-last\" style=\"--awb-bg-position:right bottom;--awb-bg-size:cover;\"><div class=\"fusion-column-wrapper fusion-flex-column-wrapper-legacy\"><div class=\"fusion-text fusion-text-1\"><p style=\"letter-spacing: 4px; font-size: 13px; margin-bottom: 0px;\">HOTEL ENROSADIRA<\/p>\n<h1>Rodina Rizzi<\/h1>\n<\/div><div class=\"fusion-sep-clear\"><\/div><div class=\"fusion-separator fusion-clearfix\" style=\"float:left;margin-top:0px;margin-bottom:20px;width:100%;max-width:50px;\"><div class=\"fusion-separator-border sep-single sep-solid\" style=\"--awb-height:20px;--awb-amount:20px;--awb-sep-color:#cbaa5c;border-color:#cbaa5c;border-top-width:1px;\"><\/div><\/div><div class=\"fusion-sep-clear\"><\/div><div class=\"fusion-text fusion-text-2\"><span class=\"fusion-dropcap dropcap dropcap-boxed\" style=\"--awb-border-radius:1px;\">R<\/span>\n<p>odina Rizzi je p\u016fvodem z Campitella di Fassa.<\/p>\n<p>D\u011bde\u010dekSimone &#8211; jakji\u017e podle rodinn\u00e9 tradice- byl kov\u00e1\u0159. Z man\u017eelstv\u00ed s Domenicou Soraruf m\u011bl \u010dty\u0159i d\u011bti: Batestin, Simon, Luigi a Orsola.<\/p>\n<p>LUIGI narozen v roce 1892 se po ukon\u010den\u00ed um\u011bleck\u00e9 \u0161koly v Campitellu vydal do Bavorsk\u00e9ho m\u011bsta Landshut, za \u00fa\u010delem specializace v oboru mal\u00ed\u0159-dekorat\u00e9r .<br \/>\nV pr\u016fb\u011bhu prvn\u00ed sv\u011btov\u00e9 v\u00e1lky byl uv\u011bzn\u011bn Rusy a posl\u00e1n na Sibi\u0159 . Ze zajet\u00ed na Sibi\u0159i se mu\u00a0 poda\u0159ilo ut\u00e9ct a vr\u00e1tit se do It\u00e1lie.<br \/>\nV roce 1923 se o\u017eenil sMaria Lastei a s n\u00ed\u00a0 m\u011bl dvan\u00e1ct d\u011bt\u00ed: (Sino, Luigia, Simone (kter\u00fd se stal otcem franti\u0161k\u00e1nem), Gelso, Adolfo, Lidia, Rosina,\u00a0<strong>Mario<\/strong>, Gino,\u00a0<strong>Riccardo<\/strong>, Anita e Flora.<\/p>\n<p>Nyn\u011bj\u0161\u00ed\u00a0 Sporthotel Enrosadira spolu zalo\u017eili brat\u0159i Mario e Riccardo.<\/p>\n<p>MARIO narozen v roce 1934, jako velice mlad\u00fd kluk odejde do Mer\u00e1na, aby se nau\u010dil \u0159emeslu mal\u00ed\u0159e. Nasledn\u011b odch\u00e1z\u00ed za prac\u00ed\u00a0 do \u0160v\u00fdcarska kde z\u016fstane do roku 1958. V roce 1962 se o\u017een\u00ed s Giuseppinou Rizzi a maj\u00ed spolu p\u011bt d\u011bt\u00ed : Emanuela, Anita, Luciana, Maria Teresa eFrancesco.<\/p>\n<p>RICCARDO pracuje tak\u00e9 jako mal\u00ed\u0159, prvn\u011b ve m\u011bst\u011b Silandro a pot\u00e9 n\u00e1sleduje sv\u00e9ho star\u0161\u00edho bratra Maria do \u0160v\u00fdcarska. Po n\u00e1vratu do Campitella zakl\u00e1d\u00e1 prvn\u00ed ly\u017ea\u0159skou \u0161kolu ve Val di Fassa a pracuje jako u\u010ditel ly\u017e\u00ed .<br \/>\nO\u017een\u00ed se s Ericou Zahn\u00a0 a stane se otcem t\u0159\u00ed d\u011bt\u00ed: Daniela, Stefano, Tanja.<\/p>\n<p>Od roku 1957 spolu rodiny Maria e Riccarda\u00a0 vedou \u2013 prvn\u011b pension Enrosadira\u00a0a n\u00e1sledovn\u011b po rekonstrukci Sporthotel Enrosadira***.<\/p>\n<\/div><div class=\"fusion-clearfix\"><\/div><\/div><\/div><div class=\"fusion-layout-column fusion_builder_column fusion-builder-column-1 fusion_builder_column_1_1 1_1 fusion-one-full fusion-column-first fusion-column-last fusion-column-no-min-height\" style=\"--awb-bg-size:cover;--awb-margin-bottom:0px;\"><div class=\"fusion-column-wrapper fusion-flex-column-wrapper-legacy\"><div class=\"fusion-sep-clear\"><\/div><div class=\"fusion-separator fusion-full-width-sep\" style=\"margin-left: auto;margin-right: auto;margin-top:13px;margin-bottom:13px;width:100%;\"><\/div><div class=\"fusion-sep-clear\"><\/div><div class=\"fusion-clearfix\"><\/div><\/div><\/div><div class=\"fusion-layout-column fusion_builder_column fusion-builder-column-2 fusion_builder_column_1_3 1_3 fusion-one-third fusion-column-first\" style=\"--awb-bg-size:cover;width:30.6666%; margin-right: 4%;\"><div class=\"fusion-column-wrapper fusion-flex-column-wrapper-legacy\"><div class=\"fusion-image-element in-legacy-container\" style=\"--awb-liftup-border-radius:0px;--awb-caption-title-font-family:var(--h2_typography-font-family);--awb-caption-title-font-weight:var(--h2_typography-font-weight);--awb-caption-title-font-style:var(--h2_typography-font-style);--awb-caption-title-size:var(--h2_typography-font-size);--awb-caption-title-transform:var(--h2_typography-text-transform);--awb-caption-title-line-height:var(--h2_typography-line-height);--awb-caption-title-letter-spacing:var(--h2_typography-letter-spacing);\"><div class=\"awb-image-frame awb-image-frame-1 imageframe-liftup\"><span class=\" fusion-imageframe imageframe-none imageframe-1\"><a href=\"https:\/\/www.hotelenrosadira.com\/wp-content\/uploads\/2015\/07\/storia01.jpg\" class=\"fusion-lightbox\" data-rel=\"iLightbox[44ed2d89d28b4f91875]\" data-title=\"storia01\" title=\"storia01\"><img decoding=\"async\" width=\"2300\" height=\"1265\" src=\"https:\/\/www.hotelenrosadira.com\/wp-content\/uploads\/2015\/07\/storia01.jpg\" alt class=\"img-responsive wp-image-3483\" srcset=\"https:\/\/www.hotelenrosadira.com\/wp-content\/uploads\/2015\/07\/storia01-300x165.jpg 300w, https:\/\/www.hotelenrosadira.com\/wp-content\/uploads\/2015\/07\/storia01-768x422.jpg 768w, https:\/\/www.hotelenrosadira.com\/wp-content\/uploads\/2015\/07\/storia01-1024x563.jpg 1024w, https:\/\/www.hotelenrosadira.com\/wp-content\/uploads\/2015\/07\/storia01.jpg 2300w\" sizes=\"(max-width: 2300px) 100vw, 2300px\" \/><\/a><\/span><\/div><\/div><div class=\"fusion-clearfix\"><\/div><\/div><\/div><div class=\"fusion-layout-column fusion_builder_column fusion-builder-column-3 fusion_builder_column_1_3 1_3 fusion-one-third\" style=\"--awb-bg-size:cover;width:30.6666%; margin-right: 4%;\"><div class=\"fusion-column-wrapper fusion-flex-column-wrapper-legacy\"><div class=\"fusion-image-element in-legacy-container\" style=\"--awb-liftup-border-radius:0px;--awb-caption-title-font-family:var(--h2_typography-font-family);--awb-caption-title-font-weight:var(--h2_typography-font-weight);--awb-caption-title-font-style:var(--h2_typography-font-style);--awb-caption-title-size:var(--h2_typography-font-size);--awb-caption-title-transform:var(--h2_typography-text-transform);--awb-caption-title-line-height:var(--h2_typography-line-height);--awb-caption-title-letter-spacing:var(--h2_typography-letter-spacing);\"><div class=\"awb-image-frame awb-image-frame-2 imageframe-liftup\"><span class=\" fusion-imageframe imageframe-none imageframe-2\"><a href=\"https:\/\/www.hotelenrosadira.com\/wp-content\/uploads\/2015\/07\/storia02.jpg\" class=\"fusion-lightbox\" data-rel=\"iLightbox[fcc68312fceaa289792]\" data-title=\"storia02\" title=\"storia02\"><img decoding=\"async\" width=\"2300\" height=\"1265\" src=\"https:\/\/www.hotelenrosadira.com\/wp-content\/uploads\/2015\/07\/storia02.jpg\" alt class=\"img-responsive wp-image-3486\" srcset=\"https:\/\/www.hotelenrosadira.com\/wp-content\/uploads\/2015\/07\/storia02-300x165.jpg 300w, https:\/\/www.hotelenrosadira.com\/wp-content\/uploads\/2015\/07\/storia02-768x422.jpg 768w, https:\/\/www.hotelenrosadira.com\/wp-content\/uploads\/2015\/07\/storia02-1024x563.jpg 1024w, https:\/\/www.hotelenrosadira.com\/wp-content\/uploads\/2015\/07\/storia02.jpg 2300w\" sizes=\"(max-width: 2300px) 100vw, 2300px\" \/><\/a><\/span><\/div><\/div><div class=\"fusion-clearfix\"><\/div><\/div><\/div><div class=\"fusion-layout-column fusion_builder_column fusion-builder-column-4 fusion_builder_column_1_3 1_3 fusion-one-third fusion-column-last\" style=\"--awb-bg-size:cover;width:30.6666%;\"><div class=\"fusion-column-wrapper fusion-flex-column-wrapper-legacy\"><div class=\"fusion-image-element in-legacy-container\" style=\"--awb-liftup-border-radius:0px;--awb-caption-title-font-family:var(--h2_typography-font-family);--awb-caption-title-font-weight:var(--h2_typography-font-weight);--awb-caption-title-font-style:var(--h2_typography-font-style);--awb-caption-title-size:var(--h2_typography-font-size);--awb-caption-title-transform:var(--h2_typography-text-transform);--awb-caption-title-line-height:var(--h2_typography-line-height);--awb-caption-title-letter-spacing:var(--h2_typography-letter-spacing);\"><div class=\"awb-image-frame awb-image-frame-3 imageframe-liftup\"><span class=\" fusion-imageframe imageframe-none imageframe-3\"><a href=\"https:\/\/www.hotelenrosadira.com\/wp-content\/uploads\/2015\/07\/storia03.jpg\" class=\"fusion-lightbox\" data-rel=\"iLightbox[208229269dc95ab4b55]\" data-title=\"storia03\" title=\"storia03\"><img decoding=\"async\" width=\"2300\" height=\"1265\" src=\"https:\/\/www.hotelenrosadira.com\/wp-content\/uploads\/2015\/07\/storia03.jpg\" alt class=\"img-responsive wp-image-3489\" srcset=\"https:\/\/www.hotelenrosadira.com\/wp-content\/uploads\/2015\/07\/storia03-300x165.jpg 300w, https:\/\/www.hotelenrosadira.com\/wp-content\/uploads\/2015\/07\/storia03-768x422.jpg 768w, https:\/\/www.hotelenrosadira.com\/wp-content\/uploads\/2015\/07\/storia03-1024x563.jpg 1024w, https:\/\/www.hotelenrosadira.com\/wp-content\/uploads\/2015\/07\/storia03.jpg 2300w\" sizes=\"(max-width: 2300px) 100vw, 2300px\" \/><\/a><\/span><\/div><\/div><div class=\"fusion-clearfix\"><\/div><\/div><\/div><\/div><\/div><div class=\"fusion-fullwidth fullwidth-box fusion-builder-row-2 fusion-parallax-fixed nonhundred-percent-fullwidth non-hundred-percent-height-scrolling fusion-equal-height-columns\" style=\"--awb-background-position:left top;--awb-border-radius-top-left:0px;--awb-border-radius-top-right:0px;--awb-border-radius-bottom-right:0px;--awb-border-radius-bottom-left:0px;--awb-padding-top:100px;--awb-padding-bottom:100px;--awb-background-image:url(&quot;https:\/\/www.hotelenrosadira.com\/wp-content\/uploads\/2015\/07\/storia-affascinante.jpg&quot;);--awb-background-size:cover;--awb-border-sizes-top:0px;--awb-border-sizes-bottom:0px;--awb-flex-wrap:wrap;background-attachment:fixed;\" ><div class=\"fusion-builder-row fusion-row\"><div class=\"fusion-layout-column fusion_builder_column fusion-builder-column-5 fusion_builder_column_1_1 1_1 fusion-one-full fusion-column-first fusion-column-last\" style=\"--awb-bg-position:right bottom;--awb-bg-size:cover;\"><div class=\"fusion-column-wrapper fusion-flex-column-wrapper-legacy\"><div class=\"fusion-text fusion-text-3\"><p style=\"letter-spacing: 4px; font-size: 13px; margin-bottom: 0px;\">HOTEL ENROSADIRA<\/p>\n<h1>Una storia affascinante<\/h1>\n<\/div><div class=\"fusion-sep-clear\"><\/div><div class=\"fusion-separator fusion-clearfix\" style=\"float:left;margin-top:0px;margin-bottom:20px;width:100%;max-width:50px;\"><div class=\"fusion-separator-border sep-single sep-solid\" style=\"--awb-height:20px;--awb-amount:20px;--awb-sep-color:#cbaa5c;border-color:#cbaa5c;border-top-width:1px;\"><\/div><\/div><div class=\"fusion-sep-clear\"><\/div><div class=\"fusion-text fusion-text-4\"><p style=\"text-align: left; padding-right: 80px;\">E&#8216; dal 1957 che le famiglie gestiscono prima la pensione Enrosadira e dal 1962 lo Sport Hotel Enrosadira.<\/p>\n<\/div><div class=\"fusion-sep-clear\"><\/div><div class=\"fusion-separator fusion-full-width-sep\" style=\"margin-left: auto;margin-right: auto;margin-top:20px;width:100%;\"><\/div><div class=\"fusion-sep-clear\"><\/div><div class=\"fusion-clearfix\"><\/div><\/div><\/div><\/div><\/div><\/p>\n","protected":false},"excerpt":{"rendered":"","protected":false},"author":1,"featured_media":0,"parent":2076,"menu_order":0,"comment_status":"open","ping_status":"open","template":"100-width.php","meta":{"footnotes":""},"class_list":["post-2079","page","type-page","status-publish","hentry"],"yoast_head":"<!-- This site is optimized with the Yoast SEO plugin v27.5 - https:\/\/yoast.com\/product\/yoast-seo-wordpress\/ -->\n<title>RODINA RIZZI - Sport hotel Enrosadira<\/title>\n<meta name=\"robots\" content=\"index, follow, max-snippet:-1, max-image-preview:large, max-video-preview:-1\" \/>\n<link rel=\"canonical\" href=\"https:\/\/www.hotelenrosadira.com\/cs\/vitejte\/rodina-rizzi\/\" \/>\n<meta property=\"og:locale\" content=\"cs_CZ\" \/>\n<meta property=\"og:type\" content=\"article\" \/>\n<meta property=\"og:title\" content=\"RODINA RIZZI - Sport hotel Enrosadira\" \/>\n<meta property=\"og:url\" content=\"https:\/\/www.hotelenrosadira.com\/cs\/vitejte\/rodina-rizzi\/\" \/>\n<meta property=\"og:site_name\" content=\"Sport hotel Enrosadira\" \/>\n<meta property=\"article:modified_time\" content=\"2020-06-19T11:04:46+00:00\" \/>\n<meta property=\"og:image\" content=\"https:\/\/www.hotelenrosadira.com\/wp-content\/uploads\/2015\/07\/storia01.jpg\" \/>\n<meta name=\"twitter:card\" content=\"summary_large_image\" \/>\n<meta name=\"twitter:label1\" content=\"Odhadovan\u00e1 doba \u010dten\u00ed\" \/>\n\t<meta name=\"twitter:data1\" content=\"5 minut\" \/>\n<script type=\"application\/ld+json\" class=\"yoast-schema-graph\">{\"@context\":\"https:\\\/\\\/schema.org\",\"@graph\":[{\"@type\":\"WebPage\",\"@id\":\"https:\\\/\\\/www.hotelenrosadira.com\\\/cs\\\/vitejte\\\/rodina-rizzi\\\/\",\"url\":\"https:\\\/\\\/www.hotelenrosadira.com\\\/cs\\\/vitejte\\\/rodina-rizzi\\\/\",\"name\":\"RODINA RIZZI - Sport hotel Enrosadira\",\"isPartOf\":{\"@id\":\"https:\\\/\\\/www.hotelenrosadira.com\\\/de\\\/#website\"},\"primaryImageOfPage\":{\"@id\":\"https:\\\/\\\/www.hotelenrosadira.com\\\/cs\\\/vitejte\\\/rodina-rizzi\\\/#primaryimage\"},\"image\":{\"@id\":\"https:\\\/\\\/www.hotelenrosadira.com\\\/cs\\\/vitejte\\\/rodina-rizzi\\\/#primaryimage\"},\"thumbnailUrl\":\"https:\\\/\\\/www.hotelenrosadira.com\\\/wp-content\\\/uploads\\\/2015\\\/07\\\/storia01.jpg\",\"datePublished\":\"2015-07-02T07:06:23+00:00\",\"dateModified\":\"2020-06-19T11:04:46+00:00\",\"breadcrumb\":{\"@id\":\"https:\\\/\\\/www.hotelenrosadira.com\\\/cs\\\/vitejte\\\/rodina-rizzi\\\/#breadcrumb\"},\"inLanguage\":\"cs\",\"potentialAction\":[{\"@type\":\"ReadAction\",\"target\":[\"https:\\\/\\\/www.hotelenrosadira.com\\\/cs\\\/vitejte\\\/rodina-rizzi\\\/\"]}]},{\"@type\":\"ImageObject\",\"inLanguage\":\"cs\",\"@id\":\"https:\\\/\\\/www.hotelenrosadira.com\\\/cs\\\/vitejte\\\/rodina-rizzi\\\/#primaryimage\",\"url\":\"https:\\\/\\\/www.hotelenrosadira.com\\\/wp-content\\\/uploads\\\/2015\\\/07\\\/storia01.jpg\",\"contentUrl\":\"https:\\\/\\\/www.hotelenrosadira.com\\\/wp-content\\\/uploads\\\/2015\\\/07\\\/storia01.jpg\"},{\"@type\":\"BreadcrumbList\",\"@id\":\"https:\\\/\\\/www.hotelenrosadira.com\\\/cs\\\/vitejte\\\/rodina-rizzi\\\/#breadcrumb\",\"itemListElement\":[{\"@type\":\"ListItem\",\"position\":1,\"name\":\"Home\",\"item\":\"https:\\\/\\\/www.hotelenrosadira.com\\\/cs\\\/home\\\/\"},{\"@type\":\"ListItem\",\"position\":2,\"name\":\"V\u00cdTEJTE\",\"item\":\"https:\\\/\\\/www.hotelenrosadira.com\\\/cs\\\/vitejte\\\/\"},{\"@type\":\"ListItem\",\"position\":3,\"name\":\"RODINA RIZZI\"}]},{\"@type\":\"WebSite\",\"@id\":\"https:\\\/\\\/www.hotelenrosadira.com\\\/de\\\/#website\",\"url\":\"https:\\\/\\\/www.hotelenrosadira.com\\\/de\\\/\",\"name\":\"Sport hotel Enrosadira\",\"description\":\"Sport hotel Enrosadira\",\"publisher\":{\"@id\":\"https:\\\/\\\/www.hotelenrosadira.com\\\/de\\\/#organization\"},\"potentialAction\":[{\"@type\":\"SearchAction\",\"target\":{\"@type\":\"EntryPoint\",\"urlTemplate\":\"https:\\\/\\\/www.hotelenrosadira.com\\\/de\\\/?s={search_term_string}\"},\"query-input\":{\"@type\":\"PropertyValueSpecification\",\"valueRequired\":true,\"valueName\":\"search_term_string\"}}],\"inLanguage\":\"cs\"},{\"@type\":\"Organization\",\"@id\":\"https:\\\/\\\/www.hotelenrosadira.com\\\/de\\\/#organization\",\"name\":\"Spoer Hotel Enrosadira\",\"url\":\"https:\\\/\\\/www.hotelenrosadira.com\\\/de\\\/\",\"logo\":{\"@type\":\"ImageObject\",\"inLanguage\":\"cs\",\"@id\":\"https:\\\/\\\/www.hotelenrosadira.com\\\/de\\\/#\\\/schema\\\/logo\\\/image\\\/\",\"url\":\"https:\\\/\\\/www.hotelenrosadira.com\\\/wp-content\\\/uploads\\\/2016\\\/02\\\/logo.jpg\",\"contentUrl\":\"https:\\\/\\\/www.hotelenrosadira.com\\\/wp-content\\\/uploads\\\/2016\\\/02\\\/logo.jpg\",\"width\":271,\"height\":71,\"caption\":\"Spoer Hotel Enrosadira\"},\"image\":{\"@id\":\"https:\\\/\\\/www.hotelenrosadira.com\\\/de\\\/#\\\/schema\\\/logo\\\/image\\\/\"}}]}<\/script>\n<!-- \/ Yoast SEO plugin. -->","yoast_head_json":{"title":"RODINA RIZZI - Sport hotel Enrosadira","robots":{"index":"index","follow":"follow","max-snippet":"max-snippet:-1","max-image-preview":"max-image-preview:large","max-video-preview":"max-video-preview:-1"},"canonical":"https:\/\/www.hotelenrosadira.com\/cs\/vitejte\/rodina-rizzi\/","og_locale":"cs_CZ","og_type":"article","og_title":"RODINA RIZZI - Sport hotel Enrosadira","og_url":"https:\/\/www.hotelenrosadira.com\/cs\/vitejte\/rodina-rizzi\/","og_site_name":"Sport hotel Enrosadira","article_modified_time":"2020-06-19T11:04:46+00:00","og_image":[{"url":"https:\/\/www.hotelenrosadira.com\/wp-content\/uploads\/2015\/07\/storia01.jpg","type":"","width":"","height":""}],"twitter_card":"summary_large_image","twitter_misc":{"Odhadovan\u00e1 doba \u010dten\u00ed":"5 minut"},"schema":{"@context":"https:\/\/schema.org","@graph":[{"@type":"WebPage","@id":"https:\/\/www.hotelenrosadira.com\/cs\/vitejte\/rodina-rizzi\/","url":"https:\/\/www.hotelenrosadira.com\/cs\/vitejte\/rodina-rizzi\/","name":"RODINA RIZZI - Sport hotel Enrosadira","isPartOf":{"@id":"https:\/\/www.hotelenrosadira.com\/de\/#website"},"primaryImageOfPage":{"@id":"https:\/\/www.hotelenrosadira.com\/cs\/vitejte\/rodina-rizzi\/#primaryimage"},"image":{"@id":"https:\/\/www.hotelenrosadira.com\/cs\/vitejte\/rodina-rizzi\/#primaryimage"},"thumbnailUrl":"https:\/\/www.hotelenrosadira.com\/wp-content\/uploads\/2015\/07\/storia01.jpg","datePublished":"2015-07-02T07:06:23+00:00","dateModified":"2020-06-19T11:04:46+00:00","breadcrumb":{"@id":"https:\/\/www.hotelenrosadira.com\/cs\/vitejte\/rodina-rizzi\/#breadcrumb"},"inLanguage":"cs","potentialAction":[{"@type":"ReadAction","target":["https:\/\/www.hotelenrosadira.com\/cs\/vitejte\/rodina-rizzi\/"]}]},{"@type":"ImageObject","inLanguage":"cs","@id":"https:\/\/www.hotelenrosadira.com\/cs\/vitejte\/rodina-rizzi\/#primaryimage","url":"https:\/\/www.hotelenrosadira.com\/wp-content\/uploads\/2015\/07\/storia01.jpg","contentUrl":"https:\/\/www.hotelenrosadira.com\/wp-content\/uploads\/2015\/07\/storia01.jpg"},{"@type":"BreadcrumbList","@id":"https:\/\/www.hotelenrosadira.com\/cs\/vitejte\/rodina-rizzi\/#breadcrumb","itemListElement":[{"@type":"ListItem","position":1,"name":"Home","item":"https:\/\/www.hotelenrosadira.com\/cs\/home\/"},{"@type":"ListItem","position":2,"name":"V\u00cdTEJTE","item":"https:\/\/www.hotelenrosadira.com\/cs\/vitejte\/"},{"@type":"ListItem","position":3,"name":"RODINA RIZZI"}]},{"@type":"WebSite","@id":"https:\/\/www.hotelenrosadira.com\/de\/#website","url":"https:\/\/www.hotelenrosadira.com\/de\/","name":"Sport hotel Enrosadira","description":"Sport hotel Enrosadira","publisher":{"@id":"https:\/\/www.hotelenrosadira.com\/de\/#organization"},"potentialAction":[{"@type":"SearchAction","target":{"@type":"EntryPoint","urlTemplate":"https:\/\/www.hotelenrosadira.com\/de\/?s={search_term_string}"},"query-input":{"@type":"PropertyValueSpecification","valueRequired":true,"valueName":"search_term_string"}}],"inLanguage":"cs"},{"@type":"Organization","@id":"https:\/\/www.hotelenrosadira.com\/de\/#organization","name":"Spoer Hotel Enrosadira","url":"https:\/\/www.hotelenrosadira.com\/de\/","logo":{"@type":"ImageObject","inLanguage":"cs","@id":"https:\/\/www.hotelenrosadira.com\/de\/#\/schema\/logo\/image\/","url":"https:\/\/www.hotelenrosadira.com\/wp-content\/uploads\/2016\/02\/logo.jpg","contentUrl":"https:\/\/www.hotelenrosadira.com\/wp-content\/uploads\/2016\/02\/logo.jpg","width":271,"height":71,"caption":"Spoer Hotel Enrosadira"},"image":{"@id":"https:\/\/www.hotelenrosadira.com\/de\/#\/schema\/logo\/image\/"}}]}},"_links":{"self":[{"href":"https:\/\/www.hotelenrosadira.com\/cs\/wp-json\/wp\/v2\/pages\/2079","targetHints":{"allow":["GET"]}}],"collection":[{"href":"https:\/\/www.hotelenrosadira.com\/cs\/wp-json\/wp\/v2\/pages"}],"about":[{"href":"https:\/\/www.hotelenrosadira.com\/cs\/wp-json\/wp\/v2\/types\/page"}],"author":[{"embeddable":true,"href":"https:\/\/www.hotelenrosadira.com\/cs\/wp-json\/wp\/v2\/users\/1"}],"replies":[{"embeddable":true,"href":"https:\/\/www.hotelenrosadira.com\/cs\/wp-json\/wp\/v2\/comments?post=2079"}],"version-history":[{"count":0,"href":"https:\/\/www.hotelenrosadira.com\/cs\/wp-json\/wp\/v2\/pages\/2079\/revisions"}],"up":[{"embeddable":true,"href":"https:\/\/www.hotelenrosadira.com\/cs\/wp-json\/wp\/v2\/pages\/2076"}],"wp:attachment":[{"href":"https:\/\/www.hotelenrosadira.com\/cs\/wp-json\/wp\/v2\/media?parent=2079"}],"curies":[{"name":"wp","href":"https:\/\/api.w.org\/{rel}","templated":true}]}}