{"id":2082,"date":"2015-07-06T19:23:08","date_gmt":"2015-07-06T19:23:08","guid":{"rendered":"https:\/\/www.hotelenrosadira.com\/cs\/vitejte\/ambiente\/"},"modified":"2020-06-19T13:04:45","modified_gmt":"2020-06-19T11:04:45","slug":"prostredi","status":"publish","type":"page","link":"https:\/\/www.hotelenrosadira.com\/cs\/vitejte\/prostredi\/","title":{"rendered":"Prost\u0159ed\u00ed"},"content":{"rendered":"<p><div class=\"fusion-fullwidth fullwidth-box fusion-builder-row-1 nonhundred-percent-fullwidth non-hundred-percent-height-scrolling\" style=\"--awb-background-position:left top;--awb-border-radius-top-left:0px;--awb-border-radius-top-right:0px;--awb-border-radius-bottom-right:0px;--awb-border-radius-bottom-left:0px;--awb-padding-top:0px;--awb-padding-bottom:95px;--awb-border-sizes-top:0px;--awb-border-sizes-bottom:0px;--awb-flex-wrap:wrap;\" ><div class=\"fusion-builder-row fusion-row\"><div class=\"fusion-layout-column fusion_builder_column fusion-builder-column-0 fusion_builder_column_1_1 1_1 fusion-one-full fusion-column-first fusion-column-last\" style=\"--awb-bg-position:right bottom;--awb-bg-size:cover;\"><div class=\"fusion-column-wrapper fusion-flex-column-wrapper-legacy\"><div class=\"fusion-text fusion-text-1\"><p style=\"letter-spacing: 4px; font-size: 13px; margin-bottom: 0px;\">HOTEL ENROSADIRA<\/p>\n<h1>Prost\u0159ed\u00ed<\/h1>\n<\/div><div class=\"fusion-sep-clear\"><\/div><div class=\"fusion-separator fusion-clearfix\" style=\"float:left;margin-top:0px;margin-bottom:20px;width:100%;max-width:50px;\"><div class=\"fusion-separator-border sep-single sep-solid\" style=\"--awb-height:20px;--awb-amount:20px;--awb-sep-color:#cbaa5c;border-color:#cbaa5c;border-top-width:1px;\"><\/div><\/div><div class=\"fusion-sep-clear\"><\/div><div class=\"fusion-text fusion-text-2\"><p>Sport Hotel Enrosadira se nach\u00e1z\u00ed v \u201csrdci ji\u017en\u00edch Dolomit\u201d<br \/>\nm\u011bste\u010dku Campitello di Fassa v nadmo\u0159sk\u00e9 v\u00fd\u0161ce 1440m<br \/>\na vzd\u00e1lenost\u00ed 400m od lanovky Col Rodella (Sella Ronda).<\/p>\n<p>Campitello se nach\u00e1z\u00ed p\u0159i Col Rodella, bl\u00edzko Val Duron, toto m\u011bste\u010dko je zn\u00e1mo pro svou typickou architekturu, kter\u00e1 m\u00e1 venkovsk\u00fd r\u00e1z a \u00fazk\u00e9 uli\u010dky.<br \/>\nCampitello b\u00fdvalo prvn\u00edm turistick\u00fdm rezortem v oblasti Val di Fassa, kter\u00fd disponoval hotely (&#8222;Mulino&#8220; a &#8222;Agnello d\u2019Oro&#8220;) a d\u016fle\u017eit\u00fdm m\u00edstem setk\u00e1v\u00e1n\u00ed horolezc\u016f a v\u011bdc\u016f.<\/p>\n<p>D\u00edky modern\u00ed a rychl\u00e9 lanovce je mo\u017en\u00e9 se rychle dostat na Col Rodellu, odkud je v\u00fdhled na Pian, malebnou vesni\u010dku pat\u0159\u00edc\u00ed ke Campitellu. Pokud zam\u00ed\u0159\u00edte do nedalek\u00e9ho Val Duron m\u016f\u017eete sa vydat po stop\u00e1ch antick\u00fdch obchodn\u00edk\u016f<br \/>\na pastevc\u016f kte\u0159\u00ed tudy cestovali z Alpe di Siusi a Castelrotta do Val di Fassa.<\/p>\n<\/div><div class=\"fusion-clearfix\"><\/div><\/div><\/div><div class=\"fusion-layout-column fusion_builder_column fusion-builder-column-1 fusion_builder_column_1_1 1_1 fusion-one-full fusion-column-first fusion-column-last fusion-column-no-min-height\" style=\"--awb-bg-size:cover;--awb-margin-bottom:0px;\"><div class=\"fusion-column-wrapper fusion-flex-column-wrapper-legacy\"><div class=\"fusion-sep-clear\"><\/div><div class=\"fusion-separator fusion-full-width-sep\" style=\"margin-left: auto;margin-right: auto;margin-top:13px;margin-bottom:13px;width:100%;\"><\/div><div class=\"fusion-sep-clear\"><\/div><div class=\"fusion-clearfix\"><\/div><\/div><\/div><div class=\"fusion-layout-column fusion_builder_column fusion-builder-column-2 fusion_builder_column_1_3 1_3 fusion-one-third fusion-column-first\" style=\"--awb-bg-size:cover;width:30.6666%; margin-right: 4%;\"><div class=\"fusion-column-wrapper fusion-flex-column-wrapper-legacy\"><div class=\"fusion-image-element in-legacy-container\" style=\"--awb-liftup-border-radius:0px;--awb-caption-title-font-family:var(--h2_typography-font-family);--awb-caption-title-font-weight:var(--h2_typography-font-weight);--awb-caption-title-font-style:var(--h2_typography-font-style);--awb-caption-title-size:var(--h2_typography-font-size);--awb-caption-title-transform:var(--h2_typography-text-transform);--awb-caption-title-line-height:var(--h2_typography-line-height);--awb-caption-title-letter-spacing:var(--h2_typography-letter-spacing);\"><div class=\"awb-image-frame awb-image-frame-1 imageframe-liftup\"><span class=\" fusion-imageframe imageframe-none imageframe-1\"><a href=\"https:\/\/www.hotelenrosadira.com\/wp-content\/uploads\/2015\/07\/ambiente03.jpg\" class=\"fusion-lightbox\" data-rel=\"iLightbox[7e9429e4665d1eaa723]\" data-title=\"ambiente03\" title=\"ambiente03\"><img decoding=\"async\" width=\"800\" height=\"440\" src=\"https:\/\/www.hotelenrosadira.com\/wp-content\/uploads\/2015\/07\/ambiente03.jpg\" alt class=\"img-responsive wp-image-3504\" srcset=\"https:\/\/www.hotelenrosadira.com\/wp-content\/uploads\/2015\/07\/ambiente03-300x165.jpg 300w, https:\/\/www.hotelenrosadira.com\/wp-content\/uploads\/2015\/07\/ambiente03-768x422.jpg 768w, https:\/\/www.hotelenrosadira.com\/wp-content\/uploads\/2015\/07\/ambiente03.jpg 800w\" sizes=\"(max-width: 800px) 100vw, 800px\" \/><\/a><\/span><\/div><\/div><div class=\"fusion-clearfix\"><\/div><\/div><\/div><div class=\"fusion-layout-column fusion_builder_column fusion-builder-column-3 fusion_builder_column_1_3 1_3 fusion-one-third\" style=\"--awb-bg-size:cover;width:30.6666%; margin-right: 4%;\"><div class=\"fusion-column-wrapper fusion-flex-column-wrapper-legacy\"><div class=\"fusion-image-element in-legacy-container\" style=\"--awb-liftup-border-radius:0px;--awb-caption-title-font-family:var(--h2_typography-font-family);--awb-caption-title-font-weight:var(--h2_typography-font-weight);--awb-caption-title-font-style:var(--h2_typography-font-style);--awb-caption-title-size:var(--h2_typography-font-size);--awb-caption-title-transform:var(--h2_typography-text-transform);--awb-caption-title-line-height:var(--h2_typography-line-height);--awb-caption-title-letter-spacing:var(--h2_typography-letter-spacing);\"><div class=\"awb-image-frame awb-image-frame-2 imageframe-liftup\"><span class=\" fusion-imageframe imageframe-none imageframe-2\"><a href=\"https:\/\/www.hotelenrosadira.com\/wp-content\/uploads\/2015\/07\/ambiente02.jpg\" class=\"fusion-lightbox\" data-rel=\"iLightbox[0a81e34d23618f69136]\" data-title=\"ambiente02\" title=\"ambiente02\"><img decoding=\"async\" width=\"800\" height=\"440\" src=\"https:\/\/www.hotelenrosadira.com\/wp-content\/uploads\/2015\/07\/ambiente02.jpg\" alt class=\"img-responsive wp-image-3501\" srcset=\"https:\/\/www.hotelenrosadira.com\/wp-content\/uploads\/2015\/07\/ambiente02-300x165.jpg 300w, https:\/\/www.hotelenrosadira.com\/wp-content\/uploads\/2015\/07\/ambiente02-768x422.jpg 768w, https:\/\/www.hotelenrosadira.com\/wp-content\/uploads\/2015\/07\/ambiente02.jpg 800w\" sizes=\"(max-width: 800px) 100vw, 800px\" \/><\/a><\/span><\/div><\/div><div class=\"fusion-clearfix\"><\/div><\/div><\/div><div class=\"fusion-layout-column fusion_builder_column fusion-builder-column-4 fusion_builder_column_1_3 1_3 fusion-one-third fusion-column-last\" style=\"--awb-bg-size:cover;width:30.6666%;\"><div class=\"fusion-column-wrapper fusion-flex-column-wrapper-legacy\"><div class=\"fusion-image-element in-legacy-container\" style=\"--awb-liftup-border-radius:0px;--awb-caption-title-font-family:var(--h2_typography-font-family);--awb-caption-title-font-weight:var(--h2_typography-font-weight);--awb-caption-title-font-style:var(--h2_typography-font-style);--awb-caption-title-size:var(--h2_typography-font-size);--awb-caption-title-transform:var(--h2_typography-text-transform);--awb-caption-title-line-height:var(--h2_typography-line-height);--awb-caption-title-letter-spacing:var(--h2_typography-letter-spacing);\"><div class=\"awb-image-frame awb-image-frame-3 imageframe-liftup\"><span class=\" fusion-imageframe imageframe-none imageframe-3\"><a href=\"https:\/\/www.hotelenrosadira.com\/wp-content\/uploads\/2015\/07\/ambiente01.jpg\" class=\"fusion-lightbox\" data-rel=\"iLightbox[0ab0dae00b1fcf7784c]\" data-title=\"ambiente01\" title=\"ambiente01\"><img decoding=\"async\" width=\"800\" height=\"440\" src=\"https:\/\/www.hotelenrosadira.com\/wp-content\/uploads\/2015\/07\/ambiente01.jpg\" alt class=\"img-responsive wp-image-3498\" srcset=\"https:\/\/www.hotelenrosadira.com\/wp-content\/uploads\/2015\/07\/ambiente01-300x165.jpg 300w, https:\/\/www.hotelenrosadira.com\/wp-content\/uploads\/2015\/07\/ambiente01-768x422.jpg 768w, https:\/\/www.hotelenrosadira.com\/wp-content\/uploads\/2015\/07\/ambiente01.jpg 800w\" sizes=\"(max-width: 800px) 100vw, 800px\" \/><\/a><\/span><\/div><\/div><div class=\"fusion-clearfix\"><\/div><\/div><\/div><\/div><\/div><div class=\"fusion-fullwidth fullwidth-box fusion-builder-row-2 fusion-parallax-fixed nonhundred-percent-fullwidth non-hundred-percent-height-scrolling fusion-equal-height-columns\" style=\"--awb-background-position:left top;--awb-border-radius-top-left:0px;--awb-border-radius-top-right:0px;--awb-border-radius-bottom-right:0px;--awb-border-radius-bottom-left:0px;--awb-padding-top:100px;--awb-padding-bottom:100px;--awb-background-color:#f4f6f8;--awb-background-image:url(&quot;https:\/\/www.hotelenrosadira.com\/wp-content\/uploads\/2015\/07\/vista-magnifica02.jpg&quot;);--awb-background-size:cover;--awb-border-sizes-top:0px;--awb-border-sizes-bottom:0px;--awb-flex-wrap:wrap;background-attachment:fixed;\" ><div class=\"fusion-builder-row fusion-row\"><div class=\"fusion-layout-column fusion_builder_column fusion-builder-column-5 fusion_builder_column_1_1 1_1 fusion-one-full fusion-column-first fusion-column-last\" style=\"--awb-bg-position:right bottom;--awb-bg-size:cover;\"><div class=\"fusion-column-wrapper fusion-flex-column-wrapper-legacy\"><div class=\"fusion-text fusion-text-3\"><p style=\"letter-spacing: 4px; font-size: 13px; margin-bottom: 0px;\">HOTEL ENROSADIRA<\/p>\n<h1>Una vista magnifica<\/h1>\n<\/div><div class=\"fusion-sep-clear\"><\/div><div class=\"fusion-separator fusion-clearfix\" style=\"float:left;margin-top:0px;margin-bottom:20px;width:100%;max-width:50px;\"><div class=\"fusion-separator-border sep-single sep-solid\" style=\"--awb-height:20px;--awb-amount:20px;--awb-sep-color:#cbaa5c;border-color:#cbaa5c;border-top-width:1px;\"><\/div><\/div><div class=\"fusion-sep-clear\"><\/div><div class=\"fusion-text fusion-text-4\"><p style=\"text-align: left; padding-right: 80px;\">Senza dimenticare l\u2019inverno, quando la neve apre un nuovo scenario, ricco di emozione e di avventura, offrendo mille occasioni di svago e di sport: <b>le meravigliose piste perfettamente innevate del Dolomiti Superski. Scuola e noleggio sci nelle immediante vicinanze.<\/b><\/p>\n<\/div><div class=\"fusion-sep-clear\"><\/div><div class=\"fusion-separator fusion-full-width-sep\" style=\"margin-left: auto;margin-right: auto;margin-top:20px;width:100%;\"><\/div><div class=\"fusion-sep-clear\"><\/div><div class=\"fusion-clearfix\"><\/div><\/div><\/div><\/div><\/div><\/p>\n","protected":false},"excerpt":{"rendered":"","protected":false},"author":1,"featured_media":0,"parent":2076,"menu_order":0,"comment_status":"open","ping_status":"closed","template":"100-width.php","meta":{"footnotes":""},"class_list":["post-2082","page","type-page","status-publish","hentry"],"yoast_head":"<!-- This site is optimized with the Yoast SEO plugin v27.5 - https:\/\/yoast.com\/product\/yoast-seo-wordpress\/ -->\n<title>Prost\u0159ed\u00ed - Sport hotel Enrosadira<\/title>\n<meta name=\"robots\" content=\"index, follow, max-snippet:-1, max-image-preview:large, max-video-preview:-1\" \/>\n<link rel=\"canonical\" href=\"https:\/\/www.hotelenrosadira.com\/cs\/vitejte\/prostredi\/\" \/>\n<meta property=\"og:locale\" content=\"cs_CZ\" \/>\n<meta property=\"og:type\" content=\"article\" \/>\n<meta property=\"og:title\" content=\"Prost\u0159ed\u00ed - Sport hotel Enrosadira\" \/>\n<meta property=\"og:url\" content=\"https:\/\/www.hotelenrosadira.com\/cs\/vitejte\/prostredi\/\" \/>\n<meta property=\"og:site_name\" content=\"Sport hotel Enrosadira\" \/>\n<meta property=\"article:modified_time\" content=\"2020-06-19T11:04:45+00:00\" \/>\n<meta property=\"og:image\" content=\"https:\/\/www.hotelenrosadira.com\/wp-content\/uploads\/2015\/07\/ambiente03.jpg\" \/>\n<meta name=\"twitter:card\" content=\"summary_large_image\" \/>\n<meta name=\"twitter:label1\" content=\"Odhadovan\u00e1 doba \u010dten\u00ed\" \/>\n\t<meta name=\"twitter:data1\" content=\"5 minut\" \/>\n<script type=\"application\/ld+json\" class=\"yoast-schema-graph\">{\"@context\":\"https:\\\/\\\/schema.org\",\"@graph\":[{\"@type\":\"WebPage\",\"@id\":\"https:\\\/\\\/www.hotelenrosadira.com\\\/cs\\\/vitejte\\\/prostredi\\\/\",\"url\":\"https:\\\/\\\/www.hotelenrosadira.com\\\/cs\\\/vitejte\\\/prostredi\\\/\",\"name\":\"Prost\u0159ed\u00ed - Sport hotel Enrosadira\",\"isPartOf\":{\"@id\":\"https:\\\/\\\/www.hotelenrosadira.com\\\/de\\\/#website\"},\"primaryImageOfPage\":{\"@id\":\"https:\\\/\\\/www.hotelenrosadira.com\\\/cs\\\/vitejte\\\/prostredi\\\/#primaryimage\"},\"image\":{\"@id\":\"https:\\\/\\\/www.hotelenrosadira.com\\\/cs\\\/vitejte\\\/prostredi\\\/#primaryimage\"},\"thumbnailUrl\":\"https:\\\/\\\/www.hotelenrosadira.com\\\/wp-content\\\/uploads\\\/2015\\\/07\\\/ambiente03.jpg\",\"datePublished\":\"2015-07-06T19:23:08+00:00\",\"dateModified\":\"2020-06-19T11:04:45+00:00\",\"breadcrumb\":{\"@id\":\"https:\\\/\\\/www.hotelenrosadira.com\\\/cs\\\/vitejte\\\/prostredi\\\/#breadcrumb\"},\"inLanguage\":\"cs\",\"potentialAction\":[{\"@type\":\"ReadAction\",\"target\":[\"https:\\\/\\\/www.hotelenrosadira.com\\\/cs\\\/vitejte\\\/prostredi\\\/\"]}]},{\"@type\":\"ImageObject\",\"inLanguage\":\"cs\",\"@id\":\"https:\\\/\\\/www.hotelenrosadira.com\\\/cs\\\/vitejte\\\/prostredi\\\/#primaryimage\",\"url\":\"https:\\\/\\\/www.hotelenrosadira.com\\\/wp-content\\\/uploads\\\/2015\\\/07\\\/ambiente03.jpg\",\"contentUrl\":\"https:\\\/\\\/www.hotelenrosadira.com\\\/wp-content\\\/uploads\\\/2015\\\/07\\\/ambiente03.jpg\"},{\"@type\":\"BreadcrumbList\",\"@id\":\"https:\\\/\\\/www.hotelenrosadira.com\\\/cs\\\/vitejte\\\/prostredi\\\/#breadcrumb\",\"itemListElement\":[{\"@type\":\"ListItem\",\"position\":1,\"name\":\"Home\",\"item\":\"https:\\\/\\\/www.hotelenrosadira.com\\\/cs\\\/home\\\/\"},{\"@type\":\"ListItem\",\"position\":2,\"name\":\"V\u00cdTEJTE\",\"item\":\"https:\\\/\\\/www.hotelenrosadira.com\\\/cs\\\/vitejte\\\/\"},{\"@type\":\"ListItem\",\"position\":3,\"name\":\"Prost\u0159ed\u00ed\"}]},{\"@type\":\"WebSite\",\"@id\":\"https:\\\/\\\/www.hotelenrosadira.com\\\/de\\\/#website\",\"url\":\"https:\\\/\\\/www.hotelenrosadira.com\\\/de\\\/\",\"name\":\"Sport hotel Enrosadira\",\"description\":\"Sport hotel Enrosadira\",\"publisher\":{\"@id\":\"https:\\\/\\\/www.hotelenrosadira.com\\\/de\\\/#organization\"},\"potentialAction\":[{\"@type\":\"SearchAction\",\"target\":{\"@type\":\"EntryPoint\",\"urlTemplate\":\"https:\\\/\\\/www.hotelenrosadira.com\\\/de\\\/?s={search_term_string}\"},\"query-input\":{\"@type\":\"PropertyValueSpecification\",\"valueRequired\":true,\"valueName\":\"search_term_string\"}}],\"inLanguage\":\"cs\"},{\"@type\":\"Organization\",\"@id\":\"https:\\\/\\\/www.hotelenrosadira.com\\\/de\\\/#organization\",\"name\":\"Spoer Hotel Enrosadira\",\"url\":\"https:\\\/\\\/www.hotelenrosadira.com\\\/de\\\/\",\"logo\":{\"@type\":\"ImageObject\",\"inLanguage\":\"cs\",\"@id\":\"https:\\\/\\\/www.hotelenrosadira.com\\\/de\\\/#\\\/schema\\\/logo\\\/image\\\/\",\"url\":\"https:\\\/\\\/www.hotelenrosadira.com\\\/wp-content\\\/uploads\\\/2016\\\/02\\\/logo.jpg\",\"contentUrl\":\"https:\\\/\\\/www.hotelenrosadira.com\\\/wp-content\\\/uploads\\\/2016\\\/02\\\/logo.jpg\",\"width\":271,\"height\":71,\"caption\":\"Spoer Hotel Enrosadira\"},\"image\":{\"@id\":\"https:\\\/\\\/www.hotelenrosadira.com\\\/de\\\/#\\\/schema\\\/logo\\\/image\\\/\"}}]}<\/script>\n<!-- \/ Yoast SEO plugin. -->","yoast_head_json":{"title":"Prost\u0159ed\u00ed - Sport hotel Enrosadira","robots":{"index":"index","follow":"follow","max-snippet":"max-snippet:-1","max-image-preview":"max-image-preview:large","max-video-preview":"max-video-preview:-1"},"canonical":"https:\/\/www.hotelenrosadira.com\/cs\/vitejte\/prostredi\/","og_locale":"cs_CZ","og_type":"article","og_title":"Prost\u0159ed\u00ed - Sport hotel Enrosadira","og_url":"https:\/\/www.hotelenrosadira.com\/cs\/vitejte\/prostredi\/","og_site_name":"Sport hotel Enrosadira","article_modified_time":"2020-06-19T11:04:45+00:00","og_image":[{"url":"https:\/\/www.hotelenrosadira.com\/wp-content\/uploads\/2015\/07\/ambiente03.jpg","type":"","width":"","height":""}],"twitter_card":"summary_large_image","twitter_misc":{"Odhadovan\u00e1 doba \u010dten\u00ed":"5 minut"},"schema":{"@context":"https:\/\/schema.org","@graph":[{"@type":"WebPage","@id":"https:\/\/www.hotelenrosadira.com\/cs\/vitejte\/prostredi\/","url":"https:\/\/www.hotelenrosadira.com\/cs\/vitejte\/prostredi\/","name":"Prost\u0159ed\u00ed - Sport hotel Enrosadira","isPartOf":{"@id":"https:\/\/www.hotelenrosadira.com\/de\/#website"},"primaryImageOfPage":{"@id":"https:\/\/www.hotelenrosadira.com\/cs\/vitejte\/prostredi\/#primaryimage"},"image":{"@id":"https:\/\/www.hotelenrosadira.com\/cs\/vitejte\/prostredi\/#primaryimage"},"thumbnailUrl":"https:\/\/www.hotelenrosadira.com\/wp-content\/uploads\/2015\/07\/ambiente03.jpg","datePublished":"2015-07-06T19:23:08+00:00","dateModified":"2020-06-19T11:04:45+00:00","breadcrumb":{"@id":"https:\/\/www.hotelenrosadira.com\/cs\/vitejte\/prostredi\/#breadcrumb"},"inLanguage":"cs","potentialAction":[{"@type":"ReadAction","target":["https:\/\/www.hotelenrosadira.com\/cs\/vitejte\/prostredi\/"]}]},{"@type":"ImageObject","inLanguage":"cs","@id":"https:\/\/www.hotelenrosadira.com\/cs\/vitejte\/prostredi\/#primaryimage","url":"https:\/\/www.hotelenrosadira.com\/wp-content\/uploads\/2015\/07\/ambiente03.jpg","contentUrl":"https:\/\/www.hotelenrosadira.com\/wp-content\/uploads\/2015\/07\/ambiente03.jpg"},{"@type":"BreadcrumbList","@id":"https:\/\/www.hotelenrosadira.com\/cs\/vitejte\/prostredi\/#breadcrumb","itemListElement":[{"@type":"ListItem","position":1,"name":"Home","item":"https:\/\/www.hotelenrosadira.com\/cs\/home\/"},{"@type":"ListItem","position":2,"name":"V\u00cdTEJTE","item":"https:\/\/www.hotelenrosadira.com\/cs\/vitejte\/"},{"@type":"ListItem","position":3,"name":"Prost\u0159ed\u00ed"}]},{"@type":"WebSite","@id":"https:\/\/www.hotelenrosadira.com\/de\/#website","url":"https:\/\/www.hotelenrosadira.com\/de\/","name":"Sport hotel Enrosadira","description":"Sport hotel Enrosadira","publisher":{"@id":"https:\/\/www.hotelenrosadira.com\/de\/#organization"},"potentialAction":[{"@type":"SearchAction","target":{"@type":"EntryPoint","urlTemplate":"https:\/\/www.hotelenrosadira.com\/de\/?s={search_term_string}"},"query-input":{"@type":"PropertyValueSpecification","valueRequired":true,"valueName":"search_term_string"}}],"inLanguage":"cs"},{"@type":"Organization","@id":"https:\/\/www.hotelenrosadira.com\/de\/#organization","name":"Spoer Hotel Enrosadira","url":"https:\/\/www.hotelenrosadira.com\/de\/","logo":{"@type":"ImageObject","inLanguage":"cs","@id":"https:\/\/www.hotelenrosadira.com\/de\/#\/schema\/logo\/image\/","url":"https:\/\/www.hotelenrosadira.com\/wp-content\/uploads\/2016\/02\/logo.jpg","contentUrl":"https:\/\/www.hotelenrosadira.com\/wp-content\/uploads\/2016\/02\/logo.jpg","width":271,"height":71,"caption":"Spoer Hotel Enrosadira"},"image":{"@id":"https:\/\/www.hotelenrosadira.com\/de\/#\/schema\/logo\/image\/"}}]}},"_links":{"self":[{"href":"https:\/\/www.hotelenrosadira.com\/cs\/wp-json\/wp\/v2\/pages\/2082","targetHints":{"allow":["GET"]}}],"collection":[{"href":"https:\/\/www.hotelenrosadira.com\/cs\/wp-json\/wp\/v2\/pages"}],"about":[{"href":"https:\/\/www.hotelenrosadira.com\/cs\/wp-json\/wp\/v2\/types\/page"}],"author":[{"embeddable":true,"href":"https:\/\/www.hotelenrosadira.com\/cs\/wp-json\/wp\/v2\/users\/1"}],"replies":[{"embeddable":true,"href":"https:\/\/www.hotelenrosadira.com\/cs\/wp-json\/wp\/v2\/comments?post=2082"}],"version-history":[{"count":0,"href":"https:\/\/www.hotelenrosadira.com\/cs\/wp-json\/wp\/v2\/pages\/2082\/revisions"}],"up":[{"embeddable":true,"href":"https:\/\/www.hotelenrosadira.com\/cs\/wp-json\/wp\/v2\/pages\/2076"}],"wp:attachment":[{"href":"https:\/\/www.hotelenrosadira.com\/cs\/wp-json\/wp\/v2\/media?parent=2082"}],"curies":[{"name":"wp","href":"https:\/\/api.w.org\/{rel}","templated":true}]}}