{"id":2084,"date":"2015-02-03T20:15:09","date_gmt":"2015-02-03T20:15:09","guid":{"rendered":"https:\/\/www.hotelenrosadira.com\/cs\/ristorante\/"},"modified":"2020-06-19T13:04:50","modified_gmt":"2020-06-19T11:04:50","slug":"restaurace","status":"publish","type":"page","link":"https:\/\/www.hotelenrosadira.com\/cs\/restaurace\/","title":{"rendered":"Restaurace"},"content":{"rendered":"<p><div class=\"fusion-fullwidth fullwidth-box fusion-builder-row-1 nonhundred-percent-fullwidth non-hundred-percent-height-scrolling\" style=\"--awb-background-position:left top;--awb-border-radius-top-left:0px;--awb-border-radius-top-right:0px;--awb-border-radius-bottom-right:0px;--awb-border-radius-bottom-left:0px;--awb-padding-top:0px;--awb-padding-bottom:85px;--awb-border-sizes-top:0px;--awb-border-sizes-bottom:0px;--awb-flex-wrap:wrap;\" ><div class=\"fusion-builder-row fusion-row\"><div class=\"fusion-layout-column fusion_builder_column fusion-builder-column-0 fusion_builder_column_1_2 1_2 fusion-one-half fusion-column-first\" style=\"--awb-padding-top:40px;--awb-padding-right:40px;--awb-padding-bottom:40px;--awb-padding-left:40px;--awb-bg-color:#ffffff;--awb-bg-color-hover:#ffffff;--awb-bg-size:cover;--awb-border-color:#ebeef1;--awb-border-top:1px;--awb-border-right:1px;--awb-border-bottom:1px;--awb-border-left:1px;--awb-border-style:solid;width:48%; margin-right: 4%;\"><div class=\"fusion-column-wrapper fusion-flex-column-wrapper-legacy\"><div class=\"fusion-image-element fusion-image-align-center in-legacy-container\" style=\"text-align:center;--awb-liftup-border-radius:0px;--awb-caption-title-font-family:var(--h2_typography-font-family);--awb-caption-title-font-weight:var(--h2_typography-font-weight);--awb-caption-title-font-style:var(--h2_typography-font-style);--awb-caption-title-size:var(--h2_typography-font-size);--awb-caption-title-transform:var(--h2_typography-text-transform);--awb-caption-title-line-height:var(--h2_typography-line-height);--awb-caption-title-letter-spacing:var(--h2_typography-letter-spacing);\"><div class=\"imageframe-align-center\"><div class=\"awb-image-frame awb-image-frame-1 imageframe-liftup\"><span class=\" fusion-imageframe imageframe-dropshadow imageframe-1\" style=\"border:13px solid #ffffff;-webkit-box-shadow: 3px 3px 7px rgba(0,0,0,0.3);box-shadow: 3px 3px 7px rgba(0,0,0,0.3);\"><a href=\"https:\/\/www.hotelenrosadira.com\/wp-content\/uploads\/2015\/02\/polenta-funghi.jpg\" class=\"fusion-lightbox\" data-rel=\"iLightbox[22fce7f0af923b1c3cd]\" data-title=\"polenta-funghi\" title=\"polenta-funghi\"><img decoding=\"async\" width=\"719\" height=\"1024\" src=\"https:\/\/www.hotelenrosadira.com\/wp-content\/uploads\/2015\/02\/polenta-funghi.jpg\" alt class=\"img-responsive wp-image-3495\" srcset=\"https:\/\/www.hotelenrosadira.com\/wp-content\/uploads\/2015\/02\/polenta-funghi-211x300.jpg 211w, https:\/\/www.hotelenrosadira.com\/wp-content\/uploads\/2015\/02\/polenta-funghi.jpg 719w\" sizes=\"(max-width: 719px) 100vw, 719px\" \/><\/a><\/span><\/div><\/div><\/div><div class=\"fusion-clearfix\"><\/div><\/div><\/div><div class=\"fusion-layout-column fusion_builder_column fusion-builder-column-1 fusion_builder_column_1_2 1_2 fusion-one-half fusion-column-last\" style=\"--awb-bg-size:cover;width:48%;\"><div class=\"fusion-column-wrapper fusion-flex-column-wrapper-legacy\"><div class=\"fusion-text fusion-text-1\"><p style=\"letter-spacing: 4px; font-size: 13px; text-align: center; margin-bottom: 0px;\">HOTEL ENROSADIRA<\/p>\n<h2 style=\"text-align: center;\">Protiklady se p\u0159itahuj\u00ed<\/h2>\n<\/div><div class=\"fusion-sep-clear\"><\/div><div class=\"fusion-separator\" style=\"margin-left: auto;margin-right: auto;margin-top:0px;margin-bottom:20px;width:100%;max-width:50px;\"><div class=\"fusion-separator-border sep-single sep-solid\" style=\"--awb-height:20px;--awb-amount:20px;--awb-sep-color:#cbaa5c;border-color:#cbaa5c;border-top-width:1px;\"><\/div><\/div><div class=\"fusion-sep-clear\"><\/div><div class=\"fusion-text fusion-text-2\"><h2 style=\"font-weight: lighter;\">\u201cProtiklady se p\u0159itahuj\u00ed\u201d SEVER a JIH<br \/>\nPoznejte rozmanitost\u00a0 italsk\u00e9 kuchyn\u011b !<\/h2>\n<p>Chutn\u00e1, bohat\u00e1 a opravdov\u00e1.. to je alpsk\u00e1 kuchyn\u011b, kter\u00e1 se stala inspirac\u00ed pro cel\u00fd kulin\u00e1\u0159sk\u00fd sv\u011bt.<br \/>\n\u0160\u00e9fkucha\u0159 Domeniko poch\u00e1z\u00ed z Puglie a va\u0159\u00ed pro klienty Sporthotelu ji\u017e 18 let\u00a0!<br \/>\nSpojen\u00ed jeho ji\u017eansk\u00e9 rafinovanosti s tradi\u010dn\u00edmy tyrolsk\u00fdmi j\u00eddly dod\u00e1v\u00e1 jeho kuchyni kreativitu\u00a0s originalitou. Proto i zn\u00e1m\u00e9 canederli (knedl\u00edky) m\u016f\u017eete m\u00edt na tis\u00edc zp\u016fsob\u016f.<br \/>\nNa st\u016fl V\u00e1m p\u0159ineseme j\u00eddlo pln\u00e9 Trientsk\u00e9 tradice ochucen\u00e9 ji\u017en\u00edm sluncem..<\/p>\n<h2 style=\"font-weight: lighter;\">TRIUMF CHUTI OD SEVERU K JIHU\u00a0!<\/h2>\n<p>\u201eCANEDERLI\u201c\u00a0 Knedl\u00edky byly odprad\u00e1vna pova\u017eov\u00e1ny za typick\u00fd jihotyrolsk\u00fd pokrm. Va\u0159ily se tu d\u00e1vno p\u0159ed rakousko-uherskou monarchi\u00ed. Na rozd\u00edl od t\u011bch na\u0161ich se ale nepod\u00e1vaj\u00ed jako p\u0159\u00edloha, n\u00fdbr\u017e jako hlavn\u00ed j\u00eddlo. P\u0159\u00edlohou b\u00fdvaj\u00ed r\u016fzn\u00e9 om\u00e1\u010dky, zelenina, a nebo t\u0159eba ovoce. Nam\u00edsto housky se do t\u011bsta p\u0159im\u00edch\u00e1vaj\u00ed r\u016fzn\u00e9 ingredience (s\u00fdr, \u0161pek, \u0161pen\u00e1t, \u010derven\u00e1 \u0159epa&#8230;).\u00a0Na tal\u00ed\u0159 obvykle dostanete jeden nebo t\u0159i. Z\u00e1le\u017e\u00ed na tom, kolik chod\u016f si objedn\u00e1te. A \u017ee je z \u010deho vyb\u00edrat!<\/p>\n<\/div><div class=\"fusion-sep-clear\"><\/div><div class=\"fusion-separator fusion-full-width-sep\" style=\"margin-left: auto;margin-right: auto;margin-top:12px;width:100%;\"><\/div><div class=\"fusion-sep-clear\"><\/div><div class=\"fusion-image-element fusion-image-align-center in-legacy-container\" style=\"text-align:center;--awb-caption-title-font-family:var(--h2_typography-font-family);--awb-caption-title-font-weight:var(--h2_typography-font-weight);--awb-caption-title-font-style:var(--h2_typography-font-style);--awb-caption-title-size:var(--h2_typography-font-size);--awb-caption-title-transform:var(--h2_typography-text-transform);--awb-caption-title-line-height:var(--h2_typography-line-height);--awb-caption-title-letter-spacing:var(--h2_typography-letter-spacing);\"><div class=\"imageframe-align-center\"><span class=\" fusion-imageframe imageframe-none imageframe-2 hover-type-none\"><a href=\"https:\/\/www.hotelenrosadira.com\/wp-content\/uploads\/2015\/02\/scampi02.jpg\" class=\"fusion-lightbox\" data-rel=\"iLightbox[28024cf12fe6fa0f841]\" data-title=\"scampi02\" title=\"scampi02\"><img decoding=\"async\" width=\"700\" height=\"487\" src=\"https:\/\/www.hotelenrosadira.com\/wp-content\/uploads\/2015\/02\/scampi02.jpg\" alt class=\"img-responsive wp-image-3492\" srcset=\"https:\/\/www.hotelenrosadira.com\/wp-content\/uploads\/2015\/02\/scampi02-300x209.jpg 300w, https:\/\/www.hotelenrosadira.com\/wp-content\/uploads\/2015\/02\/scampi02.jpg 700w\" sizes=\"(max-width: 700px) 100vw, 700px\" \/><\/a><\/span><\/div><\/div><div class=\"fusion-clearfix\"><\/div><\/div><\/div><\/div><\/div><div class=\"fusion-fullwidth fullwidth-box fusion-builder-row-2 fusion-parallax-fixed nonhundred-percent-fullwidth non-hundred-percent-height-scrolling\" style=\"--awb-background-position:center bottom;--awb-border-radius-top-left:0px;--awb-border-radius-top-right:0px;--awb-border-radius-bottom-right:0px;--awb-border-radius-bottom-left:0px;--awb-padding-top:0px;--awb-padding-bottom:90px;--awb-background-color:#f4f6f8;--awb-background-image:url(&quot;https:\/\/www.hotelenrosadira.com\/wp-content\/uploads\/2015\/02\/restaurants_dining_bg-1.jpg&quot;);--awb-background-size:cover;--awb-border-sizes-top:0px;--awb-border-sizes-bottom:0px;--awb-flex-wrap:wrap;background-attachment:fixed;\" ><div class=\"fusion-builder-row fusion-row\"><div class=\"fusion-layout-column fusion_builder_column fusion-builder-column-2 fusion_builder_column_1_1 1_1 fusion-one-full fusion-column-first fusion-column-last fusion-column-no-min-height\" style=\"--awb-bg-size:cover;--awb-margin-bottom:0px;\"><div class=\"fusion-column-wrapper fusion-flex-column-wrapper-legacy\"><div class=\"fusion-image-element fusion-image-align-center in-legacy-container\" style=\"text-align:center;--awb-caption-title-font-family:var(--h2_typography-font-family);--awb-caption-title-font-weight:var(--h2_typography-font-weight);--awb-caption-title-font-style:var(--h2_typography-font-style);--awb-caption-title-size:var(--h2_typography-font-size);--awb-caption-title-transform:var(--h2_typography-text-transform);--awb-caption-title-line-height:var(--h2_typography-line-height);--awb-caption-title-letter-spacing:var(--h2_typography-letter-spacing);\"><div class=\"imageframe-align-center\"><span class=\" fusion-imageframe imageframe-none imageframe-3 hover-type-none\"><img decoding=\"async\" width=\"370\" height=\"82\" title=\"flowers_top\" src=\"https:\/\/www.hotelenrosadira.com\/wp-content\/uploads\/2015\/01\/flowers_top-1.png\" alt class=\"img-responsive wp-image-3341\" srcset=\"https:\/\/www.hotelenrosadira.com\/wp-content\/uploads\/2015\/01\/flowers_top-1-300x66.png 300w, https:\/\/www.hotelenrosadira.com\/wp-content\/uploads\/2015\/01\/flowers_top-1.png 370w\" sizes=\"(max-width: 370px) 100vw, 370px\" \/><\/span><\/div><\/div><div class=\"fusion-sep-clear\"><\/div><div class=\"fusion-separator fusion-full-width-sep\" style=\"margin-left: auto;margin-right: auto;margin-top:25px;width:100%;\"><\/div><div class=\"fusion-sep-clear\"><\/div><div class=\"fusion-text fusion-text-3\"><p style=\"letter-spacing: 4px; font-size: 13px; text-align: center; margin-bottom: 0px;\">HOTEL ENROSADIRA<\/p>\n<h1 style=\"text-align: center;\">Bar e Ristorante<\/h1>\n<\/div><div class=\"fusion-sep-clear\"><\/div><div class=\"fusion-separator\" style=\"margin-left: auto;margin-right: auto;margin-top:15px;margin-bottom:50px;width:100%;max-width:50px;\"><div class=\"fusion-separator-border sep-single sep-solid\" style=\"--awb-height:20px;--awb-amount:20px;--awb-sep-color:#cbaa5c;border-color:#cbaa5c;border-top-width:1px;\"><\/div><\/div><div class=\"fusion-sep-clear\"><\/div><div class=\"fusion-clearfix\"><\/div><\/div><\/div><div class=\"fusion-layout-column fusion_builder_column fusion-builder-column-3 fusion_builder_column_1_3 1_3 fusion-one-third fusion-column-first\" style=\"--awb-padding-top:20px;--awb-padding-right:20px;--awb-padding-bottom:20px;--awb-padding-left:20px;--awb-bg-image:url(&#039;https:\/\/www.hotelenrosadira.com\/wp-content\/uploads\/2015\/02\/restaurant3-compressor-1.jpg&#039;);--awb-bg-position:center top;--awb-bg-size:cover;width:30.6666%; margin-right: 4%;\"><div class=\"fusion-column-wrapper fusion-flex-column-wrapper-legacy fusion-column-has-bg-image\" data-bg-url=\"https:\/\/www.hotelenrosadira.com\/wp-content\/uploads\/2015\/02\/restaurant3-compressor-1.jpg\"><div class=\"fusion-sep-clear\"><\/div><div class=\"fusion-separator fusion-full-width-sep\" style=\"margin-left: auto;margin-right: auto;margin-top:220px;width:100%;\"><\/div><div class=\"fusion-sep-clear\"><\/div><div class=\"fusion-content-boxes content-boxes columns row fusion-columns-1 fusion-columns-total-1 fusion-content-boxes-1 content-boxes-icon-on-top content-left\" style=\"--awb-hover-accent-color:var(--awb-color4);--awb-circle-hover-accent-color:var(--awb-color4);--awb-item-margin-bottom:40px;\" data-animationOffset=\"top-into-view\"><div style=\"--awb-backgroundcolor:#ffffff;\" class=\"fusion-column content-box-column content-box-column content-box-column-1 col-lg-12 col-md-12 col-sm-12 fusion-content-box-hover content-box-column-last content-box-column-last-in-row\"><div class=\"col content-box-wrapper content-wrapper-background link-area-link-icon icon-hover-animation-pulsate\" data-animationOffset=\"top-into-view\"><div class=\"fusion-clearfix\"><\/div><div class=\"content-container\">\n<h2 style=\"text-align: center;\">Tradizione<\/h2>\n<div class=\"fusion-sep-clear\"><\/div><div class=\"fusion-separator\" style=\"margin-left: auto;margin-right: auto;margin-top:20px;margin-bottom:20px;width:100%;max-width:50px;\"><div class=\"fusion-separator-border sep-single sep-solid\" style=\"--awb-height:20px;--awb-amount:20px;--awb-sep-color:#cbaa5c;border-color:#cbaa5c;border-top-width:1px;\"><\/div><\/div><div class=\"fusion-sep-clear\"><\/div>\n<p style=\"text-align: center; padding: 0 25px;\">Aliquam vulputate ligula et nisl dapibus ultrices sed sed tortor.<\/p>\n<\/div><\/div><\/div><div class=\"fusion-clearfix\"><\/div><\/div><div class=\"fusion-sep-clear\"><\/div><div class=\"fusion-separator fusion-full-width-sep\" style=\"margin-left: auto;margin-right: auto;margin-top:-82px;width:100%;\"><\/div><div class=\"fusion-sep-clear\"><\/div><div class=\"fusion-clearfix\"><\/div><\/div><\/div><div class=\"fusion-layout-column fusion_builder_column fusion-builder-column-4 fusion_builder_column_1_3 1_3 fusion-one-third\" style=\"--awb-padding-top:20px;--awb-padding-right:20px;--awb-padding-bottom:20px;--awb-padding-left:20px;--awb-bg-image:url(&#039;https:\/\/www.hotelenrosadira.com\/wp-content\/uploads\/2015\/02\/restaurant1-compressor-1.jpg&#039;);--awb-bg-position:center top;--awb-bg-size:cover;width:30.6666%; margin-right: 4%;\"><div class=\"fusion-column-wrapper fusion-flex-column-wrapper-legacy fusion-column-has-bg-image\" data-bg-url=\"https:\/\/www.hotelenrosadira.com\/wp-content\/uploads\/2015\/02\/restaurant1-compressor-1.jpg\"><div class=\"fusion-sep-clear\"><\/div><div class=\"fusion-separator fusion-full-width-sep\" style=\"margin-left: auto;margin-right: auto;margin-top:220px;width:100%;\"><\/div><div class=\"fusion-sep-clear\"><\/div><div class=\"fusion-content-boxes content-boxes columns row fusion-columns-1 fusion-columns-total-1 fusion-content-boxes-2 content-boxes-icon-on-top content-left\" style=\"--awb-hover-accent-color:var(--awb-color4);--awb-circle-hover-accent-color:var(--awb-color4);--awb-item-margin-bottom:40px;\" data-animationOffset=\"top-into-view\"><div style=\"--awb-backgroundcolor:#ffffff;\" class=\"fusion-column content-box-column content-box-column content-box-column-1 col-lg-12 col-md-12 col-sm-12 fusion-content-box-hover content-box-column-last content-box-column-last-in-row\"><div class=\"col content-box-wrapper content-wrapper-background link-area-link-icon icon-hover-animation-pulsate\" data-animationOffset=\"top-into-view\"><div class=\"fusion-clearfix\"><\/div><div class=\"content-container\">\n<h2 style=\"text-align: center;\">Atmosfera<\/h2>\n<div class=\"fusion-sep-clear\"><\/div><div class=\"fusion-separator\" style=\"margin-left: auto;margin-right: auto;margin-top:20px;margin-bottom:20px;width:100%;max-width:50px;\"><div class=\"fusion-separator-border sep-single sep-solid\" style=\"--awb-height:20px;--awb-amount:20px;--awb-sep-color:#cbaa5c;border-color:#cbaa5c;border-top-width:1px;\"><\/div><\/div><div class=\"fusion-sep-clear\"><\/div>\n<p style=\"text-align: center; padding: 0 25px;\">Aliquam vulputate ligula et nisl dapibus ultrices sed sed tortor.<\/p>\n<\/div><\/div><\/div><div class=\"fusion-clearfix\"><\/div><\/div><div class=\"fusion-sep-clear\"><\/div><div class=\"fusion-separator fusion-full-width-sep\" style=\"margin-left: auto;margin-right: auto;margin-top:-82px;width:100%;\"><\/div><div class=\"fusion-sep-clear\"><\/div><div class=\"fusion-clearfix\"><\/div><\/div><\/div><div class=\"fusion-layout-column fusion_builder_column fusion-builder-column-5 fusion_builder_column_1_3 1_3 fusion-one-third fusion-column-last\" style=\"--awb-padding-top:20px;--awb-padding-right:20px;--awb-padding-bottom:20px;--awb-padding-left:20px;--awb-bg-image:url(&#039;https:\/\/www.hotelenrosadira.com\/wp-content\/uploads\/2015\/02\/restaurant2-compressor-1.jpg&#039;);--awb-bg-position:center top;--awb-bg-size:cover;width:30.6666%;\"><div class=\"fusion-column-wrapper fusion-flex-column-wrapper-legacy fusion-column-has-bg-image\" data-bg-url=\"https:\/\/www.hotelenrosadira.com\/wp-content\/uploads\/2015\/02\/restaurant2-compressor-1.jpg\"><div class=\"fusion-sep-clear\"><\/div><div class=\"fusion-separator fusion-full-width-sep\" style=\"margin-left: auto;margin-right: auto;margin-top:220px;width:100%;\"><\/div><div class=\"fusion-sep-clear\"><\/div><div class=\"fusion-content-boxes content-boxes columns row fusion-columns-1 fusion-columns-total-1 fusion-content-boxes-3 content-boxes-icon-on-top content-left\" style=\"--awb-hover-accent-color:var(--awb-color4);--awb-circle-hover-accent-color:var(--awb-color4);--awb-item-margin-bottom:40px;\" data-animationOffset=\"top-into-view\"><div style=\"--awb-backgroundcolor:#ffffff;\" class=\"fusion-column content-box-column content-box-column content-box-column-1 col-lg-12 col-md-12 col-sm-12 fusion-content-box-hover content-box-column-last content-box-column-last-in-row\"><div class=\"col content-box-wrapper content-wrapper-background link-area-link-icon icon-hover-animation-pulsate\" data-animationOffset=\"top-into-view\"><div class=\"fusion-clearfix\"><\/div><div class=\"content-container\">\n<h2 style=\"text-align: center;\">Sapore<\/h2>\n<div class=\"fusion-sep-clear\"><\/div><div class=\"fusion-separator\" style=\"margin-left: auto;margin-right: auto;margin-top:20px;margin-bottom:20px;width:100%;max-width:50px;\"><div class=\"fusion-separator-border sep-single sep-solid\" style=\"--awb-height:20px;--awb-amount:20px;--awb-sep-color:#cbaa5c;border-color:#cbaa5c;border-top-width:1px;\"><\/div><\/div><div class=\"fusion-sep-clear\"><\/div>\n<p style=\"text-align: center; padding: 0 25px;\">Aliquam vulputate ligula et nisl dapibus ultrices sed sed tortor.<\/p>\n<\/div><\/div><\/div><div class=\"fusion-clearfix\"><\/div><\/div><div class=\"fusion-sep-clear\"><\/div><div class=\"fusion-separator fusion-full-width-sep\" style=\"margin-left: auto;margin-right: auto;margin-top:-82px;width:100%;\"><\/div><div class=\"fusion-sep-clear\"><\/div><div class=\"fusion-clearfix\"><\/div><\/div><\/div><\/div><\/div><\/p>\n","protected":false},"excerpt":{"rendered":"","protected":false},"author":1,"featured_media":0,"parent":0,"menu_order":0,"comment_status":"open","ping_status":"open","template":"100-width.php","meta":{"footnotes":""},"class_list":["post-2084","page","type-page","status-publish","hentry"],"yoast_head":"<!-- This site is optimized with the Yoast SEO plugin v27.5 - https:\/\/yoast.com\/product\/yoast-seo-wordpress\/ -->\n<title>Restaurace - Sport hotel Enrosadira<\/title>\n<meta name=\"robots\" content=\"index, follow, max-snippet:-1, max-image-preview:large, max-video-preview:-1\" \/>\n<link rel=\"canonical\" href=\"https:\/\/www.hotelenrosadira.com\/cs\/restaurace\/\" \/>\n<meta property=\"og:locale\" content=\"cs_CZ\" \/>\n<meta property=\"og:type\" content=\"article\" \/>\n<meta property=\"og:title\" content=\"Restaurace - Sport hotel Enrosadira\" \/>\n<meta property=\"og:url\" content=\"https:\/\/www.hotelenrosadira.com\/cs\/restaurace\/\" \/>\n<meta property=\"og:site_name\" content=\"Sport hotel Enrosadira\" \/>\n<meta property=\"article:modified_time\" content=\"2020-06-19T11:04:50+00:00\" \/>\n<meta property=\"og:image\" content=\"https:\/\/www.hotelenrosadira.com\/wp-content\/uploads\/2015\/02\/polenta-funghi.jpg\" \/>\n<meta name=\"twitter:card\" content=\"summary_large_image\" \/>\n<meta name=\"twitter:label1\" content=\"Odhadovan\u00e1 doba \u010dten\u00ed\" \/>\n\t<meta name=\"twitter:data1\" content=\"8 minut\" \/>\n<script type=\"application\/ld+json\" class=\"yoast-schema-graph\">{\"@context\":\"https:\\\/\\\/schema.org\",\"@graph\":[{\"@type\":\"WebPage\",\"@id\":\"https:\\\/\\\/www.hotelenrosadira.com\\\/cs\\\/restaurace\\\/\",\"url\":\"https:\\\/\\\/www.hotelenrosadira.com\\\/cs\\\/restaurace\\\/\",\"name\":\"Restaurace - Sport hotel Enrosadira\",\"isPartOf\":{\"@id\":\"https:\\\/\\\/www.hotelenrosadira.com\\\/de\\\/#website\"},\"primaryImageOfPage\":{\"@id\":\"https:\\\/\\\/www.hotelenrosadira.com\\\/cs\\\/restaurace\\\/#primaryimage\"},\"image\":{\"@id\":\"https:\\\/\\\/www.hotelenrosadira.com\\\/cs\\\/restaurace\\\/#primaryimage\"},\"thumbnailUrl\":\"https:\\\/\\\/www.hotelenrosadira.com\\\/wp-content\\\/uploads\\\/2015\\\/02\\\/polenta-funghi.jpg\",\"datePublished\":\"2015-02-03T20:15:09+00:00\",\"dateModified\":\"2020-06-19T11:04:50+00:00\",\"breadcrumb\":{\"@id\":\"https:\\\/\\\/www.hotelenrosadira.com\\\/cs\\\/restaurace\\\/#breadcrumb\"},\"inLanguage\":\"cs\",\"potentialAction\":[{\"@type\":\"ReadAction\",\"target\":[\"https:\\\/\\\/www.hotelenrosadira.com\\\/cs\\\/restaurace\\\/\"]}]},{\"@type\":\"ImageObject\",\"inLanguage\":\"cs\",\"@id\":\"https:\\\/\\\/www.hotelenrosadira.com\\\/cs\\\/restaurace\\\/#primaryimage\",\"url\":\"https:\\\/\\\/www.hotelenrosadira.com\\\/wp-content\\\/uploads\\\/2015\\\/02\\\/polenta-funghi.jpg\",\"contentUrl\":\"https:\\\/\\\/www.hotelenrosadira.com\\\/wp-content\\\/uploads\\\/2015\\\/02\\\/polenta-funghi.jpg\"},{\"@type\":\"BreadcrumbList\",\"@id\":\"https:\\\/\\\/www.hotelenrosadira.com\\\/cs\\\/restaurace\\\/#breadcrumb\",\"itemListElement\":[{\"@type\":\"ListItem\",\"position\":1,\"name\":\"Home\",\"item\":\"https:\\\/\\\/www.hotelenrosadira.com\\\/cs\\\/home\\\/\"},{\"@type\":\"ListItem\",\"position\":2,\"name\":\"Restaurace\"}]},{\"@type\":\"WebSite\",\"@id\":\"https:\\\/\\\/www.hotelenrosadira.com\\\/de\\\/#website\",\"url\":\"https:\\\/\\\/www.hotelenrosadira.com\\\/de\\\/\",\"name\":\"Sport hotel Enrosadira\",\"description\":\"Sport hotel Enrosadira\",\"publisher\":{\"@id\":\"https:\\\/\\\/www.hotelenrosadira.com\\\/de\\\/#organization\"},\"potentialAction\":[{\"@type\":\"SearchAction\",\"target\":{\"@type\":\"EntryPoint\",\"urlTemplate\":\"https:\\\/\\\/www.hotelenrosadira.com\\\/de\\\/?s={search_term_string}\"},\"query-input\":{\"@type\":\"PropertyValueSpecification\",\"valueRequired\":true,\"valueName\":\"search_term_string\"}}],\"inLanguage\":\"cs\"},{\"@type\":\"Organization\",\"@id\":\"https:\\\/\\\/www.hotelenrosadira.com\\\/de\\\/#organization\",\"name\":\"Spoer Hotel Enrosadira\",\"url\":\"https:\\\/\\\/www.hotelenrosadira.com\\\/de\\\/\",\"logo\":{\"@type\":\"ImageObject\",\"inLanguage\":\"cs\",\"@id\":\"https:\\\/\\\/www.hotelenrosadira.com\\\/de\\\/#\\\/schema\\\/logo\\\/image\\\/\",\"url\":\"https:\\\/\\\/www.hotelenrosadira.com\\\/wp-content\\\/uploads\\\/2016\\\/02\\\/logo.jpg\",\"contentUrl\":\"https:\\\/\\\/www.hotelenrosadira.com\\\/wp-content\\\/uploads\\\/2016\\\/02\\\/logo.jpg\",\"width\":271,\"height\":71,\"caption\":\"Spoer Hotel Enrosadira\"},\"image\":{\"@id\":\"https:\\\/\\\/www.hotelenrosadira.com\\\/de\\\/#\\\/schema\\\/logo\\\/image\\\/\"}}]}<\/script>\n<!-- \/ Yoast SEO plugin. -->","yoast_head_json":{"title":"Restaurace - Sport hotel Enrosadira","robots":{"index":"index","follow":"follow","max-snippet":"max-snippet:-1","max-image-preview":"max-image-preview:large","max-video-preview":"max-video-preview:-1"},"canonical":"https:\/\/www.hotelenrosadira.com\/cs\/restaurace\/","og_locale":"cs_CZ","og_type":"article","og_title":"Restaurace - Sport hotel Enrosadira","og_url":"https:\/\/www.hotelenrosadira.com\/cs\/restaurace\/","og_site_name":"Sport hotel Enrosadira","article_modified_time":"2020-06-19T11:04:50+00:00","og_image":[{"url":"https:\/\/www.hotelenrosadira.com\/wp-content\/uploads\/2015\/02\/polenta-funghi.jpg","type":"","width":"","height":""}],"twitter_card":"summary_large_image","twitter_misc":{"Odhadovan\u00e1 doba \u010dten\u00ed":"8 minut"},"schema":{"@context":"https:\/\/schema.org","@graph":[{"@type":"WebPage","@id":"https:\/\/www.hotelenrosadira.com\/cs\/restaurace\/","url":"https:\/\/www.hotelenrosadira.com\/cs\/restaurace\/","name":"Restaurace - Sport hotel Enrosadira","isPartOf":{"@id":"https:\/\/www.hotelenrosadira.com\/de\/#website"},"primaryImageOfPage":{"@id":"https:\/\/www.hotelenrosadira.com\/cs\/restaurace\/#primaryimage"},"image":{"@id":"https:\/\/www.hotelenrosadira.com\/cs\/restaurace\/#primaryimage"},"thumbnailUrl":"https:\/\/www.hotelenrosadira.com\/wp-content\/uploads\/2015\/02\/polenta-funghi.jpg","datePublished":"2015-02-03T20:15:09+00:00","dateModified":"2020-06-19T11:04:50+00:00","breadcrumb":{"@id":"https:\/\/www.hotelenrosadira.com\/cs\/restaurace\/#breadcrumb"},"inLanguage":"cs","potentialAction":[{"@type":"ReadAction","target":["https:\/\/www.hotelenrosadira.com\/cs\/restaurace\/"]}]},{"@type":"ImageObject","inLanguage":"cs","@id":"https:\/\/www.hotelenrosadira.com\/cs\/restaurace\/#primaryimage","url":"https:\/\/www.hotelenrosadira.com\/wp-content\/uploads\/2015\/02\/polenta-funghi.jpg","contentUrl":"https:\/\/www.hotelenrosadira.com\/wp-content\/uploads\/2015\/02\/polenta-funghi.jpg"},{"@type":"BreadcrumbList","@id":"https:\/\/www.hotelenrosadira.com\/cs\/restaurace\/#breadcrumb","itemListElement":[{"@type":"ListItem","position":1,"name":"Home","item":"https:\/\/www.hotelenrosadira.com\/cs\/home\/"},{"@type":"ListItem","position":2,"name":"Restaurace"}]},{"@type":"WebSite","@id":"https:\/\/www.hotelenrosadira.com\/de\/#website","url":"https:\/\/www.hotelenrosadira.com\/de\/","name":"Sport hotel Enrosadira","description":"Sport hotel Enrosadira","publisher":{"@id":"https:\/\/www.hotelenrosadira.com\/de\/#organization"},"potentialAction":[{"@type":"SearchAction","target":{"@type":"EntryPoint","urlTemplate":"https:\/\/www.hotelenrosadira.com\/de\/?s={search_term_string}"},"query-input":{"@type":"PropertyValueSpecification","valueRequired":true,"valueName":"search_term_string"}}],"inLanguage":"cs"},{"@type":"Organization","@id":"https:\/\/www.hotelenrosadira.com\/de\/#organization","name":"Spoer Hotel Enrosadira","url":"https:\/\/www.hotelenrosadira.com\/de\/","logo":{"@type":"ImageObject","inLanguage":"cs","@id":"https:\/\/www.hotelenrosadira.com\/de\/#\/schema\/logo\/image\/","url":"https:\/\/www.hotelenrosadira.com\/wp-content\/uploads\/2016\/02\/logo.jpg","contentUrl":"https:\/\/www.hotelenrosadira.com\/wp-content\/uploads\/2016\/02\/logo.jpg","width":271,"height":71,"caption":"Spoer Hotel Enrosadira"},"image":{"@id":"https:\/\/www.hotelenrosadira.com\/de\/#\/schema\/logo\/image\/"}}]}},"_links":{"self":[{"href":"https:\/\/www.hotelenrosadira.com\/cs\/wp-json\/wp\/v2\/pages\/2084","targetHints":{"allow":["GET"]}}],"collection":[{"href":"https:\/\/www.hotelenrosadira.com\/cs\/wp-json\/wp\/v2\/pages"}],"about":[{"href":"https:\/\/www.hotelenrosadira.com\/cs\/wp-json\/wp\/v2\/types\/page"}],"author":[{"embeddable":true,"href":"https:\/\/www.hotelenrosadira.com\/cs\/wp-json\/wp\/v2\/users\/1"}],"replies":[{"embeddable":true,"href":"https:\/\/www.hotelenrosadira.com\/cs\/wp-json\/wp\/v2\/comments?post=2084"}],"version-history":[{"count":0,"href":"https:\/\/www.hotelenrosadira.com\/cs\/wp-json\/wp\/v2\/pages\/2084\/revisions"}],"wp:attachment":[{"href":"https:\/\/www.hotelenrosadira.com\/cs\/wp-json\/wp\/v2\/media?parent=2084"}],"curies":[{"name":"wp","href":"https:\/\/api.w.org\/{rel}","templated":true}]}}