{"id":2913,"date":"2015-07-06T19:23:08","date_gmt":"2015-07-06T19:23:08","guid":{"rendered":"https:\/\/www.hotelenrosadira.com\/benvenuti-2\/ambiente\/"},"modified":"2020-06-19T13:04:45","modified_gmt":"2020-06-19T11:04:45","slug":"ambiente","status":"publish","type":"page","link":"https:\/\/www.hotelenrosadira.com\/de\/benvenuti-2\/ambiente\/","title":{"rendered":"Ambiente"},"content":{"rendered":"<p><div class=\"fusion-fullwidth fullwidth-box fusion-builder-row-1 nonhundred-percent-fullwidth non-hundred-percent-height-scrolling\" style=\"--awb-background-position:left top;--awb-border-radius-top-left:0px;--awb-border-radius-top-right:0px;--awb-border-radius-bottom-right:0px;--awb-border-radius-bottom-left:0px;--awb-padding-top:0px;--awb-padding-bottom:95px;--awb-border-sizes-top:0px;--awb-border-sizes-bottom:0px;--awb-flex-wrap:wrap;\" ><div class=\"fusion-builder-row fusion-row\"><div class=\"fusion-layout-column fusion_builder_column fusion-builder-column-0 fusion_builder_column_1_1 1_1 fusion-one-full fusion-column-first fusion-column-last\" style=\"--awb-bg-position:right bottom;--awb-bg-size:cover;\"><div class=\"fusion-column-wrapper fusion-flex-column-wrapper-legacy\"><div class=\"fusion-text fusion-text-1\"><p style=\"letter-spacing: 4px; font-size: 13px; margin-bottom: 0px;\">HOTEL ENROSADIRA<\/p>\n<h1>Ambiente<\/h1>\n<\/div><div class=\"fusion-sep-clear\"><\/div><div class=\"fusion-separator fusion-clearfix\" style=\"float:left;margin-top:0px;margin-bottom:20px;width:100%;max-width:50px;\"><div class=\"fusion-separator-border sep-single sep-solid\" style=\"--awb-height:20px;--awb-amount:20px;--awb-sep-color:#cbaa5c;border-color:#cbaa5c;border-top-width:1px;\"><\/div><\/div><div class=\"fusion-sep-clear\"><\/div><div class=\"fusion-text fusion-text-2\"><p><b>Im Sport Hotel Enrosadira regenerieren Sie Ihren K\u00f6rper und Ihren Geist:<\/b>:<\/p>\n<div>In der Sauna und im Solarium k\u00f6nnen Sie entspannen, sich auf einem Liegestuhl der Sonne hingeben, eingeh\u00fcllt in den Duft der Wiesenblumen. Barfu\u00df auf dem weichen Gras laufen und die frische Luft einatmen, die von den Dolomitengipfeln herunterflie\u00dft. Spa\u00df haben und bei einer Tischtennispartie wieder zu Kindern werden oder eines der unendlichen Wander- und Kletterangebote nutzen.<\/div>\n<\/div><div class=\"fusion-clearfix\"><\/div><\/div><\/div><div class=\"fusion-layout-column fusion_builder_column fusion-builder-column-1 fusion_builder_column_1_1 1_1 fusion-one-full fusion-column-first fusion-column-last fusion-column-no-min-height\" style=\"--awb-bg-size:cover;--awb-margin-bottom:0px;\"><div class=\"fusion-column-wrapper fusion-flex-column-wrapper-legacy\"><div class=\"fusion-sep-clear\"><\/div><div class=\"fusion-separator fusion-full-width-sep\" style=\"margin-left: auto;margin-right: auto;margin-top:13px;margin-bottom:13px;width:100%;\"><\/div><div class=\"fusion-sep-clear\"><\/div><div class=\"fusion-clearfix\"><\/div><\/div><\/div><div class=\"fusion-layout-column fusion_builder_column fusion-builder-column-2 fusion_builder_column_1_3 1_3 fusion-one-third fusion-column-first\" style=\"--awb-bg-size:cover;width:30.6666%; margin-right: 4%;\"><div class=\"fusion-column-wrapper fusion-flex-column-wrapper-legacy\"><div class=\"fusion-image-element in-legacy-container\" style=\"--awb-liftup-border-radius:0px;--awb-caption-title-font-family:var(--h2_typography-font-family);--awb-caption-title-font-weight:var(--h2_typography-font-weight);--awb-caption-title-font-style:var(--h2_typography-font-style);--awb-caption-title-size:var(--h2_typography-font-size);--awb-caption-title-transform:var(--h2_typography-text-transform);--awb-caption-title-line-height:var(--h2_typography-line-height);--awb-caption-title-letter-spacing:var(--h2_typography-letter-spacing);\"><div class=\"awb-image-frame awb-image-frame-1 imageframe-liftup\"><span class=\" fusion-imageframe imageframe-none imageframe-1\"><a href=\"https:\/\/www.hotelenrosadira.com\/wp-content\/uploads\/2015\/07\/hotel-campitello-di-fassa-trento-ambiente.jpg\" class=\"fusion-lightbox\" data-rel=\"iLightbox[015ffc25261560f6d64]\" data-title=\"hotel-campitello-di-fassa-trento-ambiente\" title=\"hotel-campitello-di-fassa-trento-ambiente\"><img decoding=\"async\" width=\"800\" height=\"440\" src=\"https:\/\/www.hotelenrosadira.com\/wp-content\/uploads\/2015\/07\/hotel-campitello-di-fassa-trento-ambiente.jpg\" alt class=\"img-responsive wp-image-3626\" srcset=\"https:\/\/www.hotelenrosadira.com\/wp-content\/uploads\/2015\/07\/hotel-campitello-di-fassa-trento-ambiente-200x110.jpg 200w, https:\/\/www.hotelenrosadira.com\/wp-content\/uploads\/2015\/07\/hotel-campitello-di-fassa-trento-ambiente-400x220.jpg 400w, https:\/\/www.hotelenrosadira.com\/wp-content\/uploads\/2015\/07\/hotel-campitello-di-fassa-trento-ambiente-600x330.jpg 600w, https:\/\/www.hotelenrosadira.com\/wp-content\/uploads\/2015\/07\/hotel-campitello-di-fassa-trento-ambiente.jpg 800w\" sizes=\"(max-width: 800px) 100vw, 400px\" \/><\/a><\/span><\/div><\/div><div class=\"fusion-clearfix\"><\/div><\/div><\/div><div class=\"fusion-layout-column fusion_builder_column fusion-builder-column-3 fusion_builder_column_1_3 1_3 fusion-one-third\" style=\"--awb-bg-size:cover;width:30.6666%; margin-right: 4%;\"><div class=\"fusion-column-wrapper fusion-flex-column-wrapper-legacy\"><div class=\"fusion-image-element in-legacy-container\" style=\"--awb-liftup-border-radius:0px;--awb-caption-title-font-family:var(--h2_typography-font-family);--awb-caption-title-font-weight:var(--h2_typography-font-weight);--awb-caption-title-font-style:var(--h2_typography-font-style);--awb-caption-title-size:var(--h2_typography-font-size);--awb-caption-title-transform:var(--h2_typography-text-transform);--awb-caption-title-line-height:var(--h2_typography-line-height);--awb-caption-title-letter-spacing:var(--h2_typography-letter-spacing);\"><div class=\"awb-image-frame awb-image-frame-2 imageframe-liftup\"><span class=\" fusion-imageframe imageframe-none imageframe-2\"><a href=\"https:\/\/www.hotelenrosadira.com\/wp-content\/uploads\/2015\/07\/hotel-campitello-di-fassa-trento-ambiente-enrosadira.jpg\" class=\"fusion-lightbox\" data-rel=\"iLightbox[3bbbf55c524323370e8]\" data-title=\"hotel-campitello-di-fassa-trento-ambiente-enrosadira\" title=\"hotel-campitello-di-fassa-trento-ambiente-enrosadira\"><img decoding=\"async\" width=\"800\" height=\"440\" src=\"https:\/\/www.hotelenrosadira.com\/wp-content\/uploads\/2015\/07\/hotel-campitello-di-fassa-trento-ambiente-enrosadira.jpg\" alt class=\"img-responsive wp-image-3629\" srcset=\"https:\/\/www.hotelenrosadira.com\/wp-content\/uploads\/2015\/07\/hotel-campitello-di-fassa-trento-ambiente-enrosadira-200x110.jpg 200w, https:\/\/www.hotelenrosadira.com\/wp-content\/uploads\/2015\/07\/hotel-campitello-di-fassa-trento-ambiente-enrosadira-400x220.jpg 400w, https:\/\/www.hotelenrosadira.com\/wp-content\/uploads\/2015\/07\/hotel-campitello-di-fassa-trento-ambiente-enrosadira-600x330.jpg 600w, https:\/\/www.hotelenrosadira.com\/wp-content\/uploads\/2015\/07\/hotel-campitello-di-fassa-trento-ambiente-enrosadira.jpg 800w\" sizes=\"(max-width: 800px) 100vw, 400px\" \/><\/a><\/span><\/div><\/div><div class=\"fusion-clearfix\"><\/div><\/div><\/div><div class=\"fusion-layout-column fusion_builder_column fusion-builder-column-4 fusion_builder_column_1_3 1_3 fusion-one-third fusion-column-last\" style=\"--awb-bg-size:cover;width:30.6666%;\"><div class=\"fusion-column-wrapper fusion-flex-column-wrapper-legacy\"><div class=\"fusion-image-element in-legacy-container\" style=\"--awb-liftup-border-radius:0px;--awb-caption-title-font-family:var(--h2_typography-font-family);--awb-caption-title-font-weight:var(--h2_typography-font-weight);--awb-caption-title-font-style:var(--h2_typography-font-style);--awb-caption-title-size:var(--h2_typography-font-size);--awb-caption-title-transform:var(--h2_typography-text-transform);--awb-caption-title-line-height:var(--h2_typography-line-height);--awb-caption-title-letter-spacing:var(--h2_typography-letter-spacing);\"><div class=\"awb-image-frame awb-image-frame-3 imageframe-liftup\"><span class=\" fusion-imageframe imageframe-none imageframe-3\"><a href=\"https:\/\/www.hotelenrosadira.com\/wp-content\/uploads\/2015\/07\/hotel-campitello-di-fassa-trento-ambiente-enrosadira2.jpg\" class=\"fusion-lightbox\" data-rel=\"iLightbox[5b40bda70594a31f9cd]\" data-title=\"hotel-campitello-di-fassa-trento-ambiente-enrosadira2\" title=\"hotel-campitello-di-fassa-trento-ambiente-enrosadira2\"><img decoding=\"async\" width=\"800\" height=\"440\" src=\"https:\/\/www.hotelenrosadira.com\/wp-content\/uploads\/2015\/07\/hotel-campitello-di-fassa-trento-ambiente-enrosadira2.jpg\" alt class=\"img-responsive wp-image-3632\" srcset=\"https:\/\/www.hotelenrosadira.com\/wp-content\/uploads\/2015\/07\/hotel-campitello-di-fassa-trento-ambiente-enrosadira2-200x110.jpg 200w, https:\/\/www.hotelenrosadira.com\/wp-content\/uploads\/2015\/07\/hotel-campitello-di-fassa-trento-ambiente-enrosadira2-400x220.jpg 400w, https:\/\/www.hotelenrosadira.com\/wp-content\/uploads\/2015\/07\/hotel-campitello-di-fassa-trento-ambiente-enrosadira2-600x330.jpg 600w, https:\/\/www.hotelenrosadira.com\/wp-content\/uploads\/2015\/07\/hotel-campitello-di-fassa-trento-ambiente-enrosadira2.jpg 800w\" sizes=\"(max-width: 800px) 100vw, 400px\" \/><\/a><\/span><\/div><\/div><div class=\"fusion-clearfix\"><\/div><\/div><\/div><\/div><\/div><div class=\"fusion-fullwidth fullwidth-box fusion-builder-row-2 fusion-parallax-fixed nonhundred-percent-fullwidth non-hundred-percent-height-scrolling fusion-equal-height-columns\" style=\"--awb-background-position:left top;--awb-border-radius-top-left:0px;--awb-border-radius-top-right:0px;--awb-border-radius-bottom-right:0px;--awb-border-radius-bottom-left:0px;--awb-padding-top:100px;--awb-padding-bottom:100px;--awb-background-color:#f4f6f8;--awb-background-image:url(&quot;https:\/\/www.hotelenrosadira.com\/wp-content\/uploads\/2015\/07\/vista-magnifica02.jpg&quot;);--awb-background-size:cover;--awb-border-sizes-top:0px;--awb-border-sizes-bottom:0px;--awb-flex-wrap:wrap;background-attachment:fixed;\" ><div class=\"fusion-builder-row fusion-row\"><div class=\"fusion-layout-column fusion_builder_column fusion-builder-column-5 fusion_builder_column_1_1 1_1 fusion-one-full fusion-column-first fusion-column-last\" style=\"--awb-bg-position:right bottom;--awb-bg-size:cover;\"><div class=\"fusion-column-wrapper fusion-flex-column-wrapper-legacy\"><div class=\"fusion-text fusion-text-3\"><p style=\"letter-spacing: 4px; font-size: 13px; margin-bottom: 0px;\">HOTEL ENROSADIRA<\/p>\n<h1>Ein atemberaubender Ausblick<\/h1>\n<\/div><div class=\"fusion-sep-clear\"><\/div><div class=\"fusion-separator fusion-clearfix\" style=\"float:left;margin-top:0px;margin-bottom:20px;width:100%;max-width:50px;\"><div class=\"fusion-separator-border sep-single sep-solid\" style=\"--awb-height:20px;--awb-amount:20px;--awb-sep-color:#cbaa5c;border-color:#cbaa5c;border-top-width:1px;\"><\/div><\/div><div class=\"fusion-sep-clear\"><\/div><div class=\"fusion-text fusion-text-4\"><p style=\"text-align: left; padding-right: 80px;\">Und dann im Winter, wenn der Schnee eine neue Kulisse bildet, reich an Emotionen und Abenteuern, mit tausend Unterhaltungs- und Sportm\u00f6glichkeiten: <strong>die traumhaften, perfekt beschneiten Pisten von Dolomiti Superski. Skischule und -verleih in unmittelbarer N\u00e4he.<\/strong><\/p>\n<\/div><div class=\"fusion-sep-clear\"><\/div><div class=\"fusion-separator fusion-full-width-sep\" style=\"margin-left: auto;margin-right: auto;margin-top:20px;width:100%;\"><\/div><div class=\"fusion-sep-clear\"><\/div><div class=\"fusion-clearfix\"><\/div><\/div><\/div><\/div><\/div><\/p>\n","protected":false},"excerpt":{"rendered":"","protected":false},"author":1,"featured_media":0,"parent":2908,"menu_order":0,"comment_status":"open","ping_status":"closed","template":"100-width.php","meta":{"footnotes":""},"class_list":["post-2913","page","type-page","status-publish","hentry"],"yoast_head":"<!-- This site is optimized with the Yoast SEO plugin v27.5 - https:\/\/yoast.com\/product\/yoast-seo-wordpress\/ -->\n<title>Ambiente - Sport hotel Enrosadira<\/title>\n<meta name=\"robots\" content=\"index, follow, max-snippet:-1, max-image-preview:large, max-video-preview:-1\" \/>\n<link rel=\"canonical\" href=\"https:\/\/www.hotelenrosadira.com\/de\/benvenuti-2\/ambiente\/\" \/>\n<meta property=\"og:locale\" content=\"de_DE\" \/>\n<meta property=\"og:type\" content=\"article\" \/>\n<meta property=\"og:title\" content=\"Ambiente - Sport hotel Enrosadira\" \/>\n<meta property=\"og:url\" content=\"https:\/\/www.hotelenrosadira.com\/de\/benvenuti-2\/ambiente\/\" \/>\n<meta property=\"og:site_name\" content=\"Sport hotel Enrosadira\" \/>\n<meta property=\"article:modified_time\" content=\"2020-06-19T11:04:45+00:00\" \/>\n<meta property=\"og:image\" content=\"https:\/\/www.hotelenrosadira.com\/wp-content\/uploads\/2015\/07\/hotel-campitello-di-fassa-trento-ambiente.jpg\" \/>\n<meta name=\"twitter:card\" content=\"summary_large_image\" \/>\n<meta name=\"twitter:label1\" content=\"Gesch\u00e4tzte Lesezeit\" \/>\n\t<meta name=\"twitter:data1\" content=\"5\u00a0Minuten\" \/>\n<script type=\"application\/ld+json\" class=\"yoast-schema-graph\">{\"@context\":\"https:\\\/\\\/schema.org\",\"@graph\":[{\"@type\":\"WebPage\",\"@id\":\"https:\\\/\\\/www.hotelenrosadira.com\\\/de\\\/benvenuti-2\\\/ambiente\\\/\",\"url\":\"https:\\\/\\\/www.hotelenrosadira.com\\\/de\\\/benvenuti-2\\\/ambiente\\\/\",\"name\":\"Ambiente - Sport hotel Enrosadira\",\"isPartOf\":{\"@id\":\"https:\\\/\\\/www.hotelenrosadira.com\\\/de\\\/#website\"},\"primaryImageOfPage\":{\"@id\":\"https:\\\/\\\/www.hotelenrosadira.com\\\/de\\\/benvenuti-2\\\/ambiente\\\/#primaryimage\"},\"image\":{\"@id\":\"https:\\\/\\\/www.hotelenrosadira.com\\\/de\\\/benvenuti-2\\\/ambiente\\\/#primaryimage\"},\"thumbnailUrl\":\"https:\\\/\\\/www.hotelenrosadira.com\\\/wp-content\\\/uploads\\\/2015\\\/07\\\/hotel-campitello-di-fassa-trento-ambiente.jpg\",\"datePublished\":\"2015-07-06T19:23:08+00:00\",\"dateModified\":\"2020-06-19T11:04:45+00:00\",\"breadcrumb\":{\"@id\":\"https:\\\/\\\/www.hotelenrosadira.com\\\/de\\\/benvenuti-2\\\/ambiente\\\/#breadcrumb\"},\"inLanguage\":\"de\",\"potentialAction\":[{\"@type\":\"ReadAction\",\"target\":[\"https:\\\/\\\/www.hotelenrosadira.com\\\/de\\\/benvenuti-2\\\/ambiente\\\/\"]}]},{\"@type\":\"ImageObject\",\"inLanguage\":\"de\",\"@id\":\"https:\\\/\\\/www.hotelenrosadira.com\\\/de\\\/benvenuti-2\\\/ambiente\\\/#primaryimage\",\"url\":\"https:\\\/\\\/www.hotelenrosadira.com\\\/wp-content\\\/uploads\\\/2015\\\/07\\\/hotel-campitello-di-fassa-trento-ambiente.jpg\",\"contentUrl\":\"https:\\\/\\\/www.hotelenrosadira.com\\\/wp-content\\\/uploads\\\/2015\\\/07\\\/hotel-campitello-di-fassa-trento-ambiente.jpg\"},{\"@type\":\"BreadcrumbList\",\"@id\":\"https:\\\/\\\/www.hotelenrosadira.com\\\/de\\\/benvenuti-2\\\/ambiente\\\/#breadcrumb\",\"itemListElement\":[{\"@type\":\"ListItem\",\"position\":1,\"name\":\"Home\",\"item\":\"https:\\\/\\\/www.hotelenrosadira.com\\\/de\\\/\"},{\"@type\":\"ListItem\",\"position\":2,\"name\":\"Willkommen\",\"item\":\"https:\\\/\\\/www.hotelenrosadira.com\\\/de\\\/benvenuti-2\\\/\"},{\"@type\":\"ListItem\",\"position\":3,\"name\":\"Ambiente\"}]},{\"@type\":\"WebSite\",\"@id\":\"https:\\\/\\\/www.hotelenrosadira.com\\\/de\\\/#website\",\"url\":\"https:\\\/\\\/www.hotelenrosadira.com\\\/de\\\/\",\"name\":\"Sport hotel Enrosadira\",\"description\":\"Sport hotel Enrosadira\",\"publisher\":{\"@id\":\"https:\\\/\\\/www.hotelenrosadira.com\\\/de\\\/#organization\"},\"potentialAction\":[{\"@type\":\"SearchAction\",\"target\":{\"@type\":\"EntryPoint\",\"urlTemplate\":\"https:\\\/\\\/www.hotelenrosadira.com\\\/de\\\/?s={search_term_string}\"},\"query-input\":{\"@type\":\"PropertyValueSpecification\",\"valueRequired\":true,\"valueName\":\"search_term_string\"}}],\"inLanguage\":\"de\"},{\"@type\":\"Organization\",\"@id\":\"https:\\\/\\\/www.hotelenrosadira.com\\\/de\\\/#organization\",\"name\":\"Spoer Hotel Enrosadira\",\"url\":\"https:\\\/\\\/www.hotelenrosadira.com\\\/de\\\/\",\"logo\":{\"@type\":\"ImageObject\",\"inLanguage\":\"de\",\"@id\":\"https:\\\/\\\/www.hotelenrosadira.com\\\/de\\\/#\\\/schema\\\/logo\\\/image\\\/\",\"url\":\"https:\\\/\\\/www.hotelenrosadira.com\\\/wp-content\\\/uploads\\\/2016\\\/02\\\/logo.jpg\",\"contentUrl\":\"https:\\\/\\\/www.hotelenrosadira.com\\\/wp-content\\\/uploads\\\/2016\\\/02\\\/logo.jpg\",\"width\":271,\"height\":71,\"caption\":\"Spoer Hotel Enrosadira\"},\"image\":{\"@id\":\"https:\\\/\\\/www.hotelenrosadira.com\\\/de\\\/#\\\/schema\\\/logo\\\/image\\\/\"}}]}<\/script>\n<!-- \/ Yoast SEO plugin. -->","yoast_head_json":{"title":"Ambiente - Sport hotel Enrosadira","robots":{"index":"index","follow":"follow","max-snippet":"max-snippet:-1","max-image-preview":"max-image-preview:large","max-video-preview":"max-video-preview:-1"},"canonical":"https:\/\/www.hotelenrosadira.com\/de\/benvenuti-2\/ambiente\/","og_locale":"de_DE","og_type":"article","og_title":"Ambiente - Sport hotel Enrosadira","og_url":"https:\/\/www.hotelenrosadira.com\/de\/benvenuti-2\/ambiente\/","og_site_name":"Sport hotel Enrosadira","article_modified_time":"2020-06-19T11:04:45+00:00","og_image":[{"url":"https:\/\/www.hotelenrosadira.com\/wp-content\/uploads\/2015\/07\/hotel-campitello-di-fassa-trento-ambiente.jpg","type":"","width":"","height":""}],"twitter_card":"summary_large_image","twitter_misc":{"Gesch\u00e4tzte Lesezeit":"5\u00a0Minuten"},"schema":{"@context":"https:\/\/schema.org","@graph":[{"@type":"WebPage","@id":"https:\/\/www.hotelenrosadira.com\/de\/benvenuti-2\/ambiente\/","url":"https:\/\/www.hotelenrosadira.com\/de\/benvenuti-2\/ambiente\/","name":"Ambiente - Sport hotel Enrosadira","isPartOf":{"@id":"https:\/\/www.hotelenrosadira.com\/de\/#website"},"primaryImageOfPage":{"@id":"https:\/\/www.hotelenrosadira.com\/de\/benvenuti-2\/ambiente\/#primaryimage"},"image":{"@id":"https:\/\/www.hotelenrosadira.com\/de\/benvenuti-2\/ambiente\/#primaryimage"},"thumbnailUrl":"https:\/\/www.hotelenrosadira.com\/wp-content\/uploads\/2015\/07\/hotel-campitello-di-fassa-trento-ambiente.jpg","datePublished":"2015-07-06T19:23:08+00:00","dateModified":"2020-06-19T11:04:45+00:00","breadcrumb":{"@id":"https:\/\/www.hotelenrosadira.com\/de\/benvenuti-2\/ambiente\/#breadcrumb"},"inLanguage":"de","potentialAction":[{"@type":"ReadAction","target":["https:\/\/www.hotelenrosadira.com\/de\/benvenuti-2\/ambiente\/"]}]},{"@type":"ImageObject","inLanguage":"de","@id":"https:\/\/www.hotelenrosadira.com\/de\/benvenuti-2\/ambiente\/#primaryimage","url":"https:\/\/www.hotelenrosadira.com\/wp-content\/uploads\/2015\/07\/hotel-campitello-di-fassa-trento-ambiente.jpg","contentUrl":"https:\/\/www.hotelenrosadira.com\/wp-content\/uploads\/2015\/07\/hotel-campitello-di-fassa-trento-ambiente.jpg"},{"@type":"BreadcrumbList","@id":"https:\/\/www.hotelenrosadira.com\/de\/benvenuti-2\/ambiente\/#breadcrumb","itemListElement":[{"@type":"ListItem","position":1,"name":"Home","item":"https:\/\/www.hotelenrosadira.com\/de\/"},{"@type":"ListItem","position":2,"name":"Willkommen","item":"https:\/\/www.hotelenrosadira.com\/de\/benvenuti-2\/"},{"@type":"ListItem","position":3,"name":"Ambiente"}]},{"@type":"WebSite","@id":"https:\/\/www.hotelenrosadira.com\/de\/#website","url":"https:\/\/www.hotelenrosadira.com\/de\/","name":"Sport hotel Enrosadira","description":"Sport hotel Enrosadira","publisher":{"@id":"https:\/\/www.hotelenrosadira.com\/de\/#organization"},"potentialAction":[{"@type":"SearchAction","target":{"@type":"EntryPoint","urlTemplate":"https:\/\/www.hotelenrosadira.com\/de\/?s={search_term_string}"},"query-input":{"@type":"PropertyValueSpecification","valueRequired":true,"valueName":"search_term_string"}}],"inLanguage":"de"},{"@type":"Organization","@id":"https:\/\/www.hotelenrosadira.com\/de\/#organization","name":"Spoer Hotel Enrosadira","url":"https:\/\/www.hotelenrosadira.com\/de\/","logo":{"@type":"ImageObject","inLanguage":"de","@id":"https:\/\/www.hotelenrosadira.com\/de\/#\/schema\/logo\/image\/","url":"https:\/\/www.hotelenrosadira.com\/wp-content\/uploads\/2016\/02\/logo.jpg","contentUrl":"https:\/\/www.hotelenrosadira.com\/wp-content\/uploads\/2016\/02\/logo.jpg","width":271,"height":71,"caption":"Spoer Hotel Enrosadira"},"image":{"@id":"https:\/\/www.hotelenrosadira.com\/de\/#\/schema\/logo\/image\/"}}]}},"_links":{"self":[{"href":"https:\/\/www.hotelenrosadira.com\/de\/wp-json\/wp\/v2\/pages\/2913","targetHints":{"allow":["GET"]}}],"collection":[{"href":"https:\/\/www.hotelenrosadira.com\/de\/wp-json\/wp\/v2\/pages"}],"about":[{"href":"https:\/\/www.hotelenrosadira.com\/de\/wp-json\/wp\/v2\/types\/page"}],"author":[{"embeddable":true,"href":"https:\/\/www.hotelenrosadira.com\/de\/wp-json\/wp\/v2\/users\/1"}],"replies":[{"embeddable":true,"href":"https:\/\/www.hotelenrosadira.com\/de\/wp-json\/wp\/v2\/comments?post=2913"}],"version-history":[{"count":0,"href":"https:\/\/www.hotelenrosadira.com\/de\/wp-json\/wp\/v2\/pages\/2913\/revisions"}],"up":[{"embeddable":true,"href":"https:\/\/www.hotelenrosadira.com\/de\/wp-json\/wp\/v2\/pages\/2908"}],"wp:attachment":[{"href":"https:\/\/www.hotelenrosadira.com\/de\/wp-json\/wp\/v2\/media?parent=2913"}],"curies":[{"name":"wp","href":"https:\/\/api.w.org\/{rel}","templated":true}]}}