{"id":2987,"date":"2015-02-03T20:17:08","date_gmt":"2015-02-03T20:17:08","guid":{"rendered":"https:\/\/www.hotelenrosadira.com\/contatti\/"},"modified":"2020-06-19T13:04:47","modified_gmt":"2020-06-19T11:04:47","slug":"contatti","status":"publish","type":"page","link":"https:\/\/www.hotelenrosadira.com\/de\/contatti\/","title":{"rendered":"Kontakte"},"content":{"rendered":"<p><div class=\"fusion-fullwidth fullwidth-box fusion-builder-row-1 nonhundred-percent-fullwidth non-hundred-percent-height-scrolling\" style=\"--awb-background-position:left top;--awb-border-radius-top-left:0px;--awb-border-radius-top-right:0px;--awb-border-radius-bottom-right:0px;--awb-border-radius-bottom-left:0px;--awb-padding-top:0px;--awb-padding-bottom:75px;--awb-border-sizes-top:0px;--awb-border-sizes-bottom:0px;--awb-flex-wrap:wrap;\" ><div class=\"fusion-builder-row fusion-row\"><div class=\"fusion-layout-column fusion_builder_column fusion-builder-column-0 fusion_builder_column_1_2 1_2 fusion-one-half fusion-column-first\" style=\"--awb-bg-size:cover;width:48%; margin-right: 4%;\"><div class=\"fusion-column-wrapper fusion-flex-column-wrapper-legacy\"><div class=\"fusion-text fusion-text-1\"><p style=\"letter-spacing: 4px; font-size: 13px; margin-bottom: 0px; text-align: left;\">KONTAKTE<\/p>\n<h1 style=\"text-align: left;\">Wie Sie uns finden<\/h1>\n<\/div><div class=\"fusion-sep-clear\"><\/div><div class=\"fusion-separator fusion-clearfix\" style=\"float:left;margin-top:0px;margin-bottom:20px;width:100%;max-width:50px;\"><div class=\"fusion-separator-border sep-single sep-solid\" style=\"--awb-height:20px;--awb-amount:20px;--awb-sep-color:#cbaa5c;border-color:#cbaa5c;border-top-width:1px;\"><\/div><\/div><div class=\"fusion-sep-clear\"><\/div><div class=\"fusion-text fusion-text-2\"><h2>Mit dem Auto<\/h2>\n<p>Von der Ausfahrt der Brennerautobahn A22 Neumarkt-Auer fahren Sie auf der Dolomitenstra\u00dfe SS48 durch das ganze Fleimstal und dann weiter ins Fassatal (von Auer bis Moena sind es 45 km).<\/p>\n<h2>Mit dem Zug<\/h2>\n<p>Brennerbahnlinie bis zum Bahnhof Trient, wo t\u00e4glich Linienbusse starten. Als Alternative: Bahnh\u00f6fe Auer und Bozen (mit weniger h\u00e4ufigen Verbindungen).<\/p>\n<h2>Mit dem Flugzeug<\/h2>\n<p>Flugh\u00e4fen von Verona, Venedig und Bozen.<\/p>\n<\/div><div class=\"fusion-clearfix\"><\/div><\/div><\/div><div class=\"fusion-layout-column fusion_builder_column fusion-builder-column-1 fusion_builder_column_1_2 1_2 fusion-one-half fusion-column-last\" style=\"--awb-bg-color:#ffffff;--awb-bg-color-hover:#ffffff;--awb-bg-size:cover;--awb-border-color:#ebeef1;--awb-border-top:1px;--awb-border-right:1px;--awb-border-bottom:1px;--awb-border-left:1px;--awb-border-style:solid;width:48%;\"><div class=\"fusion-column-wrapper fusion-flex-column-wrapper-legacy\"><div class=\"fusion-image-element in-legacy-container\" style=\"--awb-caption-title-font-family:var(--h2_typography-font-family);--awb-caption-title-font-weight:var(--h2_typography-font-weight);--awb-caption-title-font-style:var(--h2_typography-font-style);--awb-caption-title-size:var(--h2_typography-font-size);--awb-caption-title-transform:var(--h2_typography-text-transform);--awb-caption-title-line-height:var(--h2_typography-line-height);--awb-caption-title-letter-spacing:var(--h2_typography-letter-spacing);\"><span class=\" fusion-imageframe imageframe-none imageframe-1 hover-type-zoomin\"><a href=\"https:\/\/www.hotelenrosadira.com\/wp-content\/uploads\/2015\/02\/hotel-campitello-di-fassa-tn.jpg\" class=\"fusion-lightbox\" data-rel=\"iLightbox[735af90db8a7725a9ec]\" data-title=\"hotel-campitello-di-fassa-tn\" title=\"hotel-campitello-di-fassa-tn\"><img decoding=\"async\" width=\"1000\" height=\"1000\" src=\"https:\/\/www.hotelenrosadira.com\/wp-content\/uploads\/2015\/02\/hotel-campitello-di-fassa-tn.jpg\" alt class=\"img-responsive wp-image-3623\" srcset=\"https:\/\/www.hotelenrosadira.com\/wp-content\/uploads\/2015\/02\/hotel-campitello-di-fassa-tn-200x200.jpg 200w, https:\/\/www.hotelenrosadira.com\/wp-content\/uploads\/2015\/02\/hotel-campitello-di-fassa-tn-400x400.jpg 400w, https:\/\/www.hotelenrosadira.com\/wp-content\/uploads\/2015\/02\/hotel-campitello-di-fassa-tn-600x600.jpg 600w, https:\/\/www.hotelenrosadira.com\/wp-content\/uploads\/2015\/02\/hotel-campitello-di-fassa-tn-800x800.jpg 800w, https:\/\/www.hotelenrosadira.com\/wp-content\/uploads\/2015\/02\/hotel-campitello-di-fassa-tn.jpg 1000w\" sizes=\"(max-width: 800px) 100vw, 600px\" \/><\/a><\/span><\/div><div class=\"fusion-clearfix\"><\/div><\/div><\/div><\/div><\/div><div class=\"fusion-fullwidth fullwidth-box fusion-builder-row-2 nonhundred-percent-fullwidth non-hundred-percent-height-scrolling\" style=\"--awb-background-position:left top;--awb-border-radius-top-left:0px;--awb-border-radius-top-right:0px;--awb-border-radius-bottom-right:0px;--awb-border-radius-bottom-left:0px;--awb-padding-top:0px;--awb-padding-bottom:55px;--awb-background-color:#f4f6f8;--awb-border-sizes-top:0px;--awb-border-sizes-bottom:0px;--awb-flex-wrap:wrap;\" ><div class=\"fusion-builder-row fusion-row\"><div class=\"fusion-layout-column fusion_builder_column fusion-builder-column-2 fusion_builder_column_1_1 1_1 fusion-one-full fusion-column-first fusion-column-last fusion-column-no-min-height\" style=\"--awb-bg-size:cover;--awb-margin-bottom:0px;\"><div class=\"fusion-column-wrapper fusion-flex-column-wrapper-legacy\"><div class=\"fusion-image-element fusion-image-align-center in-legacy-container\" style=\"text-align:center;--awb-caption-title-font-family:var(--h2_typography-font-family);--awb-caption-title-font-weight:var(--h2_typography-font-weight);--awb-caption-title-font-style:var(--h2_typography-font-style);--awb-caption-title-size:var(--h2_typography-font-size);--awb-caption-title-transform:var(--h2_typography-text-transform);--awb-caption-title-line-height:var(--h2_typography-line-height);--awb-caption-title-letter-spacing:var(--h2_typography-letter-spacing);\"><div class=\"imageframe-align-center\"><span class=\" fusion-imageframe imageframe-none imageframe-2 hover-type-none\"><img decoding=\"async\" width=\"370\" height=\"82\" title=\"flowers_top\" src=\"https:\/\/www.hotelenrosadira.com\/wp-content\/uploads\/2015\/01\/flowers_top-1.png\" alt class=\"img-responsive wp-image-3343\" srcset=\"https:\/\/www.hotelenrosadira.com\/wp-content\/uploads\/2015\/01\/flowers_top-1-300x66.png 300w, https:\/\/www.hotelenrosadira.com\/wp-content\/uploads\/2015\/01\/flowers_top-1.png 370w\" sizes=\"(max-width: 370px) 100vw, 370px\" \/><\/span><\/div><\/div><div class=\"fusion-text fusion-text-3\"><p style=\"letter-spacing: 4px; font-size: 13px; margin-bottom: 0px; text-align: left;\">SCHREIBEN SIE UNS<\/p>\n<h1 style=\"text-align: left;\">Buchen Sie Ihren n\u00e4chsten Urlaub!<\/h1>\n<\/div><div class=\"fusion-sep-clear\"><\/div><div class=\"fusion-separator fusion-full-width-sep\" style=\"margin-left: auto;margin-right: auto;margin-top:30px;margin-bottom:30px;width:100%;\"><\/div><div class=\"fusion-sep-clear\"><\/div><div class=\"fusion-text fusion-text-4\">\n<div class=\"wpcf7 no-js\" id=\"wpcf7-f3099-o1\" lang=\"it-IT\" dir=\"ltr\" data-wpcf7-id=\"3099\">\n<div class=\"screen-reader-response\"><p role=\"status\" aria-live=\"polite\" aria-atomic=\"true\"><\/p> <ul><\/ul><\/div>\n<form action=\"\/de\/wp-json\/wp\/v2\/pages\/2987#wpcf7-f3099-o1\" method=\"post\" class=\"wpcf7-form init wpcf7-acceptance-as-validation\" aria-label=\"Modulo di contatto\" novalidate=\"novalidate\" data-status=\"init\">\n<fieldset class=\"hidden-fields-container\"><input type=\"hidden\" name=\"_wpcf7\" value=\"3099\" \/><input type=\"hidden\" name=\"_wpcf7_version\" value=\"6.1.5\" \/><input type=\"hidden\" name=\"_wpcf7_locale\" value=\"it_IT\" \/><input type=\"hidden\" name=\"_wpcf7_unit_tag\" value=\"wpcf7-f3099-o1\" \/><input type=\"hidden\" name=\"_wpcf7_container_post\" value=\"0\" \/><input type=\"hidden\" name=\"_wpcf7_posted_data_hash\" value=\"\" \/>\n<\/fieldset>\n<div class=\"fusion-one-half fusion-layout-column fusion-spacing-yes\">\n\t<p>Vorname <span class=\"wpcf7-form-control-wrap\" data-name=\"nome\"><input size=\"40\" maxlength=\"400\" class=\"wpcf7-form-control wpcf7-text wpcf7-validates-as-required\" aria-required=\"true\" aria-invalid=\"false\" value=\"\" type=\"text\" name=\"nome\" \/><\/span>\n\t<\/p>\n<\/div>\n<div class=\"fusion-one-half fusion-layout-column fusion-column-last fusion-spacing-yes\">\n\t<p>Nachname <span class=\"wpcf7-form-control-wrap\" data-name=\"cognome\"><input size=\"40\" maxlength=\"400\" class=\"wpcf7-form-control wpcf7-text wpcf7-validates-as-required\" aria-required=\"true\" aria-invalid=\"false\" value=\"\" type=\"text\" name=\"cognome\" \/><\/span>\n\t<\/p>\n<\/div>\n<div class=\"fusion-one-half fusion-layout-column fusion-spacing-yes\">\n\t<p>E-mail <span class=\"wpcf7-form-control-wrap\" data-name=\"email\"><input size=\"40\" maxlength=\"400\" class=\"wpcf7-form-control wpcf7-email wpcf7-validates-as-required wpcf7-text wpcf7-validates-as-email\" aria-required=\"true\" aria-invalid=\"false\" value=\"\" type=\"email\" name=\"email\" \/><\/span>\n\t<\/p>\n<\/div>\n<div class=\"fusion-one-half fusion-layout-column fusion-column-last fusion-spacing-yes\">\n\t<p>Telefon <span class=\"wpcf7-form-control-wrap\" data-name=\"telefono\"><input size=\"40\" maxlength=\"400\" class=\"wpcf7-form-control wpcf7-text\" aria-invalid=\"false\" value=\"\" type=\"text\" name=\"telefono\" \/><\/span>\n\t<\/p>\n<\/div>\n<div class=\"fusion-one-half fusion-layout-column fusion-spacing-yes\">\n\t<p>Anreise Datum <span class=\"wpcf7-form-control-wrap\" data-name=\"data-arrivo\"><input class=\"wpcf7-form-control wpcf7-date wpcf7-validates-as-required wpcf7-validates-as-date\" aria-required=\"true\" aria-invalid=\"false\" value=\"\" type=\"date\" name=\"data-arrivo\" \/><\/span>\n\t<\/p>\n<\/div>\n<div class=\"fusion-one-half fusion-layout-column fusion-column-last fusion-spacing-yes\">\n\t<p>Abreise Datum <span class=\"wpcf7-form-control-wrap\" data-name=\"data-partenza\"><input class=\"wpcf7-form-control wpcf7-date wpcf7-validates-as-required wpcf7-validates-as-date\" aria-required=\"true\" aria-invalid=\"false\" value=\"\" type=\"date\" name=\"data-partenza\" \/><\/span>\n\t<\/p>\n<\/div>\n<div class=\"fusion-one-fourth fusion-layout-column fusion-spacing-yes\">\n\t<p>Zimmer<span class=\"wpcf7-form-control-wrap\" data-name=\"camere\"><input class=\"wpcf7-form-control wpcf7-number wpcf7-validates-as-required wpcf7-validates-as-number\" min=\"1\" max=\"21\" step=\"1\" aria-required=\"true\" aria-invalid=\"false\" value=\"2\" type=\"number\" name=\"camere\" \/><\/span>\n\t<\/p>\n<\/div>\n<div class=\"fusion-one-fourth fusion-layout-column fusion-spacing-yes\">\n\t<p>Betten<span class=\"wpcf7-form-control-wrap\" data-name=\"letti\"><input class=\"wpcf7-form-control wpcf7-number wpcf7-validates-as-required wpcf7-validates-as-number\" min=\"1\" max=\"4\" step=\"1\" aria-required=\"true\" aria-invalid=\"false\" value=\"4\" type=\"number\" name=\"letti\" \/><\/span>\n\t<\/p>\n<\/div>\n<div class=\"fusion-one-fourth fusion-layout-column fusion-spacing-yes\">\n\t<p>Erwachsene<span class=\"wpcf7-form-control-wrap\" data-name=\"adulti\"><input class=\"wpcf7-form-control wpcf7-number wpcf7-validates-as-required wpcf7-validates-as-number\" min=\"1\" max=\"21\" step=\"1\" aria-required=\"true\" aria-invalid=\"false\" value=\"5\" type=\"number\" name=\"adulti\" \/><\/span>\n\t<\/p>\n<\/div>\n<div class=\"fusion-one-fourth fusion-layout-column fusion-column-last fusion-spacing-yes\">\n\t<p>Kinder<span class=\"wpcf7-form-control-wrap\" data-name=\"bambini\"><input class=\"wpcf7-form-control wpcf7-number wpcf7-validates-as-required wpcf7-validates-as-number\" min=\"0\" max=\"4\" step=\"1\" aria-required=\"true\" aria-invalid=\"false\" value=\"3\" type=\"number\" name=\"bambini\" \/><\/span>\n\t<\/p>\n<\/div>\n<p>Nachricht\n<\/p>\n<p><span class=\"wpcf7-form-control-wrap\" data-name=\"messaggio\"><textarea cols=\"40\" rows=\"10\" maxlength=\"2000\" class=\"wpcf7-form-control wpcf7-textarea\" aria-invalid=\"false\" name=\"messaggio\"><\/textarea><\/span>\n<\/p>\n<p><span class=\"wpcf7-form-control-wrap\" data-name=\"acceptance-236\"><span class=\"wpcf7-form-control wpcf7-acceptance\"><span class=\"wpcf7-list-item\"><input type=\"checkbox\" name=\"acceptance-236\" value=\"1\" aria-invalid=\"false\" \/><\/span><\/span><\/span>Ich habe die Bedingungen und <a href=\"https:\/\/www.iubenda.com\/privacy-policy\/58512809\" class=\"iubenda-nostyle no-brand iubenda-embed \" title=\"Privacy Policy\">Privacy Policy<\/a> der Datenschutzerkl\u00e4rung gelesen und akzeptiere sie.\n<\/p>\n<p><input class=\"wpcf7-form-control wpcf7-submit has-spinner\" type=\"submit\" value=\"Senden\" \/>\n<\/p><div class=\"fusion-alert alert custom alert-custom fusion-alert-center wpcf7-response-output awb-alert-native-link-color alert-dismissable awb-alert-close-boxed\" style=\"--awb-border-size:1px;--awb-border-top-left-radius:0px;--awb-border-top-right-radius:0px;--awb-border-bottom-left-radius:0px;--awb-border-bottom-right-radius:0px;\" role=\"alert\"><div class=\"fusion-alert-content-wrapper\"><span class=\"fusion-alert-content\"><\/span><\/div><button type=\"button\" class=\"close toggle-alert\" data-dismiss=\"alert\" aria-label=\"Chiudi\">&times;<\/button><\/div>\n<\/form>\n<\/div>\n\n<\/div><div class=\"fusion-clearfix\"><\/div><\/div><\/div><\/div><\/div><div class=\"fusion-fullwidth fullwidth-box fusion-builder-row-3 nonhundred-percent-fullwidth non-hundred-percent-height-scrolling\" style=\"--awb-background-position:left top;--awb-border-radius-top-left:0px;--awb-border-radius-top-right:0px;--awb-border-radius-bottom-right:0px;--awb-border-radius-bottom-left:0px;--awb-padding-top:70px;--awb-padding-bottom:40px;--awb-border-sizes-top:0px;--awb-border-sizes-bottom:0px;--awb-flex-wrap:wrap;\" ><div class=\"fusion-builder-row fusion-row\"><div class=\"fusion-layout-column fusion_builder_column fusion-builder-column-3 fusion_builder_column_1_1 1_1 fusion-one-full fusion-column-first fusion-column-last fusion-column-no-min-height\" style=\"--awb-bg-size:cover;--awb-margin-bottom:0px;\"><div class=\"fusion-column-wrapper fusion-flex-column-wrapper-legacy\"><div class=\"fusion-flip-boxes flip-boxes row fusion-columns-3 flip-effect-classic\"><div class=\"fusion-flip-box-wrapper fusion-column col-lg-4 col-md-4 col-sm-4\"><div class=\"fusion-flip-box flip-right\" tabindex=\"0\"><div class=\"flip-box-inner-wrapper\"><div class=\"flip-box-front\" style=\"--awb-icon-color:#cbaa5c;--awb-border-size:1px;--awb-border-radius:4px;\"><div class=\"flip-box-front-inner\"><div class=\"flip-box-grafix flip-box-no-circle\"><i aria-hidden=\"true\" class=\" fa fa-map-marker\"><\/i><\/div><h2 class=\"flip-box-heading\">Wo Sie uns finden<\/h2>Unser Standpunkt auf der Karte.<\/div><\/div><div class=\"flip-box-back\" style=\"--awb-icon-color:#cbaa5c;--awb-border-size:1px;--awb-border-radius:4px;\"><div class=\"flip-box-back-inner\"><h3 class=\"flip-box-heading-back\">Unsere Adresse<\/h3>Strada de Morandi, 43 38031<br \/>\nCampitello di Fassa &#8211; Dolomiti (TN)<\/div><\/div><\/div><\/div><\/div><div class=\"fusion-flip-box-wrapper fusion-column col-lg-4 col-md-4 col-sm-4\"><div class=\"fusion-flip-box flip-right\" tabindex=\"0\"><div class=\"flip-box-inner-wrapper\"><div class=\"flip-box-front\" style=\"--awb-icon-color:#cbaa5c;--awb-border-size:1px;--awb-border-radius:4px;\"><div class=\"flip-box-front-inner\"><div class=\"flip-box-grafix flip-box-no-circle\"><i aria-hidden=\"true\" class=\" fa fa-phone\"><\/i><\/div><h2 class=\"flip-box-heading\">Rufen Sie uns an<\/h2>F\u00fcr Buchungen oder weitere Informationen<\/div><\/div><div class=\"flip-box-back\" style=\"--awb-icon-color:#cbaa5c;--awb-border-size:1px;--awb-border-radius:4px;\"><div class=\"flip-box-back-inner\"><h3 class=\"flip-box-heading-back\">Unsere Telefonnummer<\/h3>\n<p class=\"phone\">Phone: +39 0462 750540<\/p>\n<p class=\"fax\">Fax: +39 0462 750302<\/p>\n<\/div><\/div><\/div><\/div><\/div><div class=\"fusion-flip-box-wrapper fusion-column col-lg-4 col-md-4 col-sm-4\"><div class=\"fusion-flip-box flip-right\" tabindex=\"0\"><div class=\"flip-box-inner-wrapper\"><div class=\"flip-box-front\" style=\"--awb-icon-color:#cbaa5c;--awb-border-size:1px;--awb-border-radius:4px;\"><div class=\"flip-box-front-inner\"><div class=\"flip-box-grafix flip-box-no-circle\"><i aria-hidden=\"true\" class=\" fa fa-envelope-o\"><\/i><\/div><h2 class=\"flip-box-heading\">Senden Sie uns eine E-Mail<\/h2>Wir werden Ihnen sobald als m\u00f6glich antworten<\/div><\/div><div class=\"flip-box-back\" style=\"--awb-icon-color:#cbaa5c;--awb-border-size:1px;--awb-border-radius:4px;\"><div class=\"flip-box-back-inner\"><h3 class=\"flip-box-heading-back\">Unsere E-Mail-Adresse<\/h3>Email: <a href=\"mailto:info@hotelenrosadira.com\">info@hotelenrosadira.com<\/a><\/div><\/div><\/div><\/div><\/div><\/div><div class=\"clearfix\"><\/div><div class=\"fusion-clearfix\"><\/div><\/div><\/div><\/div><\/div><div class=\"fusion-fullwidth fullwidth-box fusion-builder-row-4 hundred-percent-fullwidth non-hundred-percent-height-scrolling\" style=\"--awb-background-position:left top;--awb-border-radius-top-left:0px;--awb-border-radius-top-right:0px;--awb-border-radius-bottom-right:0px;--awb-border-radius-bottom-left:0px;--awb-padding-top:0px;--awb-padding-right:0px;--awb-padding-bottom:0px;--awb-padding-left:0px;--awb-border-sizes-top:0px;--awb-border-sizes-bottom:0px;--awb-flex-wrap:wrap;\" ><div class=\"fusion-builder-row fusion-row\"><div class=\"fusion-layout-column fusion_builder_column fusion-builder-column-4 fusion_builder_column_1_1 1_1 fusion-one-full fusion-column-first fusion-column-last fusion-column-no-min-height\" style=\"--awb-bg-size:cover;--awb-margin-bottom:0px;\"><div class=\"fusion-column-wrapper fusion-flex-column-wrapper-legacy\"><div class=\"fusion-clearfix\"><\/div><\/div><\/div><\/div><\/div><\/p>\n","protected":false},"excerpt":{"rendered":"","protected":false},"author":1,"featured_media":0,"parent":0,"menu_order":0,"comment_status":"open","ping_status":"open","template":"100-width.php","meta":{"footnotes":""},"class_list":["post-2987","page","type-page","status-publish","hentry"],"yoast_head":"<!-- This site is optimized with the Yoast SEO plugin v27.5 - https:\/\/yoast.com\/product\/yoast-seo-wordpress\/ -->\n<title>Kontakte - Sport hotel Enrosadira<\/title>\n<meta name=\"robots\" content=\"index, follow, max-snippet:-1, max-image-preview:large, max-video-preview:-1\" \/>\n<link rel=\"canonical\" href=\"https:\/\/www.hotelenrosadira.com\/de\/contatti\/\" \/>\n<meta property=\"og:locale\" content=\"de_DE\" \/>\n<meta property=\"og:type\" content=\"article\" \/>\n<meta property=\"og:title\" content=\"Kontakte - Sport hotel Enrosadira\" \/>\n<meta property=\"og:url\" content=\"https:\/\/www.hotelenrosadira.com\/de\/contatti\/\" \/>\n<meta property=\"og:site_name\" content=\"Sport hotel Enrosadira\" \/>\n<meta property=\"article:modified_time\" content=\"2020-06-19T11:04:47+00:00\" \/>\n<meta property=\"og:image\" content=\"https:\/\/www.hotelenrosadira.com\/wp-content\/uploads\/2015\/02\/hotel-campitello-di-fassa-tn.jpg\" \/>\n<meta name=\"twitter:card\" content=\"summary_large_image\" \/>\n<meta name=\"twitter:label1\" content=\"Gesch\u00e4tzte Lesezeit\" \/>\n\t<meta name=\"twitter:data1\" content=\"6\u00a0Minuten\" \/>\n<script type=\"application\/ld+json\" class=\"yoast-schema-graph\">{\"@context\":\"https:\\\/\\\/schema.org\",\"@graph\":[{\"@type\":\"WebPage\",\"@id\":\"https:\\\/\\\/www.hotelenrosadira.com\\\/de\\\/contatti\\\/\",\"url\":\"https:\\\/\\\/www.hotelenrosadira.com\\\/de\\\/contatti\\\/\",\"name\":\"Kontakte - Sport hotel Enrosadira\",\"isPartOf\":{\"@id\":\"https:\\\/\\\/www.hotelenrosadira.com\\\/de\\\/#website\"},\"primaryImageOfPage\":{\"@id\":\"https:\\\/\\\/www.hotelenrosadira.com\\\/de\\\/contatti\\\/#primaryimage\"},\"image\":{\"@id\":\"https:\\\/\\\/www.hotelenrosadira.com\\\/de\\\/contatti\\\/#primaryimage\"},\"thumbnailUrl\":\"https:\\\/\\\/www.hotelenrosadira.com\\\/wp-content\\\/uploads\\\/2015\\\/02\\\/hotel-campitello-di-fassa-tn.jpg\",\"datePublished\":\"2015-02-03T20:17:08+00:00\",\"dateModified\":\"2020-06-19T11:04:47+00:00\",\"breadcrumb\":{\"@id\":\"https:\\\/\\\/www.hotelenrosadira.com\\\/de\\\/contatti\\\/#breadcrumb\"},\"inLanguage\":\"de\",\"potentialAction\":[{\"@type\":\"ReadAction\",\"target\":[\"https:\\\/\\\/www.hotelenrosadira.com\\\/de\\\/contatti\\\/\"]}]},{\"@type\":\"ImageObject\",\"inLanguage\":\"de\",\"@id\":\"https:\\\/\\\/www.hotelenrosadira.com\\\/de\\\/contatti\\\/#primaryimage\",\"url\":\"https:\\\/\\\/www.hotelenrosadira.com\\\/wp-content\\\/uploads\\\/2015\\\/02\\\/hotel-campitello-di-fassa-tn.jpg\",\"contentUrl\":\"https:\\\/\\\/www.hotelenrosadira.com\\\/wp-content\\\/uploads\\\/2015\\\/02\\\/hotel-campitello-di-fassa-tn.jpg\"},{\"@type\":\"BreadcrumbList\",\"@id\":\"https:\\\/\\\/www.hotelenrosadira.com\\\/de\\\/contatti\\\/#breadcrumb\",\"itemListElement\":[{\"@type\":\"ListItem\",\"position\":1,\"name\":\"Home\",\"item\":\"https:\\\/\\\/www.hotelenrosadira.com\\\/de\\\/\"},{\"@type\":\"ListItem\",\"position\":2,\"name\":\"Kontakte\"}]},{\"@type\":\"WebSite\",\"@id\":\"https:\\\/\\\/www.hotelenrosadira.com\\\/de\\\/#website\",\"url\":\"https:\\\/\\\/www.hotelenrosadira.com\\\/de\\\/\",\"name\":\"Sport hotel Enrosadira\",\"description\":\"Sport hotel Enrosadira\",\"publisher\":{\"@id\":\"https:\\\/\\\/www.hotelenrosadira.com\\\/de\\\/#organization\"},\"potentialAction\":[{\"@type\":\"SearchAction\",\"target\":{\"@type\":\"EntryPoint\",\"urlTemplate\":\"https:\\\/\\\/www.hotelenrosadira.com\\\/de\\\/?s={search_term_string}\"},\"query-input\":{\"@type\":\"PropertyValueSpecification\",\"valueRequired\":true,\"valueName\":\"search_term_string\"}}],\"inLanguage\":\"de\"},{\"@type\":\"Organization\",\"@id\":\"https:\\\/\\\/www.hotelenrosadira.com\\\/de\\\/#organization\",\"name\":\"Spoer Hotel Enrosadira\",\"url\":\"https:\\\/\\\/www.hotelenrosadira.com\\\/de\\\/\",\"logo\":{\"@type\":\"ImageObject\",\"inLanguage\":\"de\",\"@id\":\"https:\\\/\\\/www.hotelenrosadira.com\\\/de\\\/#\\\/schema\\\/logo\\\/image\\\/\",\"url\":\"https:\\\/\\\/www.hotelenrosadira.com\\\/wp-content\\\/uploads\\\/2016\\\/02\\\/logo.jpg\",\"contentUrl\":\"https:\\\/\\\/www.hotelenrosadira.com\\\/wp-content\\\/uploads\\\/2016\\\/02\\\/logo.jpg\",\"width\":271,\"height\":71,\"caption\":\"Spoer Hotel Enrosadira\"},\"image\":{\"@id\":\"https:\\\/\\\/www.hotelenrosadira.com\\\/de\\\/#\\\/schema\\\/logo\\\/image\\\/\"}}]}<\/script>\n<!-- \/ Yoast SEO plugin. -->","yoast_head_json":{"title":"Kontakte - Sport hotel Enrosadira","robots":{"index":"index","follow":"follow","max-snippet":"max-snippet:-1","max-image-preview":"max-image-preview:large","max-video-preview":"max-video-preview:-1"},"canonical":"https:\/\/www.hotelenrosadira.com\/de\/contatti\/","og_locale":"de_DE","og_type":"article","og_title":"Kontakte - Sport hotel Enrosadira","og_url":"https:\/\/www.hotelenrosadira.com\/de\/contatti\/","og_site_name":"Sport hotel Enrosadira","article_modified_time":"2020-06-19T11:04:47+00:00","og_image":[{"url":"https:\/\/www.hotelenrosadira.com\/wp-content\/uploads\/2015\/02\/hotel-campitello-di-fassa-tn.jpg","type":"","width":"","height":""}],"twitter_card":"summary_large_image","twitter_misc":{"Gesch\u00e4tzte Lesezeit":"6\u00a0Minuten"},"schema":{"@context":"https:\/\/schema.org","@graph":[{"@type":"WebPage","@id":"https:\/\/www.hotelenrosadira.com\/de\/contatti\/","url":"https:\/\/www.hotelenrosadira.com\/de\/contatti\/","name":"Kontakte - Sport hotel Enrosadira","isPartOf":{"@id":"https:\/\/www.hotelenrosadira.com\/de\/#website"},"primaryImageOfPage":{"@id":"https:\/\/www.hotelenrosadira.com\/de\/contatti\/#primaryimage"},"image":{"@id":"https:\/\/www.hotelenrosadira.com\/de\/contatti\/#primaryimage"},"thumbnailUrl":"https:\/\/www.hotelenrosadira.com\/wp-content\/uploads\/2015\/02\/hotel-campitello-di-fassa-tn.jpg","datePublished":"2015-02-03T20:17:08+00:00","dateModified":"2020-06-19T11:04:47+00:00","breadcrumb":{"@id":"https:\/\/www.hotelenrosadira.com\/de\/contatti\/#breadcrumb"},"inLanguage":"de","potentialAction":[{"@type":"ReadAction","target":["https:\/\/www.hotelenrosadira.com\/de\/contatti\/"]}]},{"@type":"ImageObject","inLanguage":"de","@id":"https:\/\/www.hotelenrosadira.com\/de\/contatti\/#primaryimage","url":"https:\/\/www.hotelenrosadira.com\/wp-content\/uploads\/2015\/02\/hotel-campitello-di-fassa-tn.jpg","contentUrl":"https:\/\/www.hotelenrosadira.com\/wp-content\/uploads\/2015\/02\/hotel-campitello-di-fassa-tn.jpg"},{"@type":"BreadcrumbList","@id":"https:\/\/www.hotelenrosadira.com\/de\/contatti\/#breadcrumb","itemListElement":[{"@type":"ListItem","position":1,"name":"Home","item":"https:\/\/www.hotelenrosadira.com\/de\/"},{"@type":"ListItem","position":2,"name":"Kontakte"}]},{"@type":"WebSite","@id":"https:\/\/www.hotelenrosadira.com\/de\/#website","url":"https:\/\/www.hotelenrosadira.com\/de\/","name":"Sport hotel Enrosadira","description":"Sport hotel Enrosadira","publisher":{"@id":"https:\/\/www.hotelenrosadira.com\/de\/#organization"},"potentialAction":[{"@type":"SearchAction","target":{"@type":"EntryPoint","urlTemplate":"https:\/\/www.hotelenrosadira.com\/de\/?s={search_term_string}"},"query-input":{"@type":"PropertyValueSpecification","valueRequired":true,"valueName":"search_term_string"}}],"inLanguage":"de"},{"@type":"Organization","@id":"https:\/\/www.hotelenrosadira.com\/de\/#organization","name":"Spoer Hotel Enrosadira","url":"https:\/\/www.hotelenrosadira.com\/de\/","logo":{"@type":"ImageObject","inLanguage":"de","@id":"https:\/\/www.hotelenrosadira.com\/de\/#\/schema\/logo\/image\/","url":"https:\/\/www.hotelenrosadira.com\/wp-content\/uploads\/2016\/02\/logo.jpg","contentUrl":"https:\/\/www.hotelenrosadira.com\/wp-content\/uploads\/2016\/02\/logo.jpg","width":271,"height":71,"caption":"Spoer Hotel Enrosadira"},"image":{"@id":"https:\/\/www.hotelenrosadira.com\/de\/#\/schema\/logo\/image\/"}}]}},"_links":{"self":[{"href":"https:\/\/www.hotelenrosadira.com\/de\/wp-json\/wp\/v2\/pages\/2987","targetHints":{"allow":["GET"]}}],"collection":[{"href":"https:\/\/www.hotelenrosadira.com\/de\/wp-json\/wp\/v2\/pages"}],"about":[{"href":"https:\/\/www.hotelenrosadira.com\/de\/wp-json\/wp\/v2\/types\/page"}],"author":[{"embeddable":true,"href":"https:\/\/www.hotelenrosadira.com\/de\/wp-json\/wp\/v2\/users\/1"}],"replies":[{"embeddable":true,"href":"https:\/\/www.hotelenrosadira.com\/de\/wp-json\/wp\/v2\/comments?post=2987"}],"version-history":[{"count":0,"href":"https:\/\/www.hotelenrosadira.com\/de\/wp-json\/wp\/v2\/pages\/2987\/revisions"}],"wp:attachment":[{"href":"https:\/\/www.hotelenrosadira.com\/de\/wp-json\/wp\/v2\/media?parent=2987"}],"curies":[{"name":"wp","href":"https:\/\/api.w.org\/{rel}","templated":true}]}}